{"id":1430,"date":"2023-05-28T19:23:44","date_gmt":"2023-05-28T19:23:44","guid":{"rendered":"https:\/\/vamedicalca.com\/product\/tensiometro-electronico-de-muneca\/"},"modified":"2023-05-28T19:23:44","modified_gmt":"2023-05-28T19:23:44","slug":"monitor-electronico-de-presion-sanguinea","status":"publish","type":"product","link":"https:\/\/vamedicalca.com\/es\/producto\/monitor-electronico-de-presion-sanguinea\/","title":{"rendered":"TENSI\u00d3METRO ELECTR\u00d3NICO DE MU\u00d1ECA"},"content":{"rendered":"","protected":false},"excerpt":{"rendered":"<ul>\n<li>Funci\u00f3n parlante<\/li>\n<li>Alta precisi\u00f3n<\/li>\n<li>Detector de arritmias<\/li>\n<li>Pantalla del reloj<\/li>\n<li>2 memorias de usuario (99 resultados por usuario)<\/li>\n<\/ul>\n","protected":false},"featured_media":1071,"comment_status":"open","ping_status":"closed","template":"","meta":{"rs_blank_template":"","rs_page_bg_color":"","slide_template_v7":""},"product_brand":[],"product_cat":[73],"product_tag":[],"class_list":{"0":"post-1430","1":"product","2":"type-product","3":"status-publish","4":"has-post-thumbnail","6":"product_cat-equipos-de-diagnostico","8":"first","9":"instock","10":"shipping-taxable","11":"product-type-simple"},"_links":{"self":[{"href":"https:\/\/vamedicalca.com\/es\/wp-json\/wp\/v2\/product\/1430","targetHints":{"allow":["GET"]}}],"collection":[{"href":"https:\/\/vamedicalca.com\/es\/wp-json\/wp\/v2\/product"}],"about":[{"href":"https:\/\/vamedicalca.com\/es\/wp-json\/wp\/v2\/types\/product"}],"replies":[{"embeddable":true,"href":"https:\/\/vamedicalca.com\/es\/wp-json\/wp\/v2\/comments?post=1430"}],"version-history":[{"count":0,"href":"https:\/\/vamedicalca.com\/es\/wp-json\/wp\/v2\/product\/1430\/revisions"}],"wp:featuredmedia":[{"embeddable":true,"href":"https:\/\/vamedicalca.com\/es\/wp-json\/wp\/v2\/media\/1071"}],"wp:attachment":[{"href":"https:\/\/vamedicalca.com\/es\/wp-json\/wp\/v2\/media?parent=1430"}],"wp:term":[{"taxonomy":"product_brand","embeddable":true,"href":"https:\/\/vamedicalca.com\/es\/wp-json\/wp\/v2\/product_brand?post=1430"},{"taxonomy":"product_cat","embeddable":true,"href":"https:\/\/vamedicalca.com\/es\/wp-json\/wp\/v2\/product_cat?post=1430"},{"taxonomy":"product_tag","embeddable":true,"href":"https:\/\/vamedicalca.com\/es\/wp-json\/wp\/v2\/product_tag?post=1430"}],"curies":[{"name":"wp","href":"https:\/\/api.w.org\/{rel}","templated":true}]}}