{"id":1426,"date":"2023-05-28T19:27:03","date_gmt":"2023-05-28T19:27:03","guid":{"rendered":"https:\/\/vamedicalca.com\/product\/sistema-de-control-de-glucosa-en-sangre-eb-check\/"},"modified":"2023-05-28T19:27:03","modified_gmt":"2023-05-28T19:27:03","slug":"sistema-de-control-de-glucosa-en-sangre-eb-check","status":"publish","type":"product","link":"https:\/\/vamedicalca.com\/es\/producto\/sistema-de-control-de-glucosa-en-sangre-eb-check\/","title":{"rendered":"Sistema de control de glucosa en sangre eB-CHECK"},"content":{"rendered":"","protected":false},"excerpt":{"rendered":"<ul>\n<li>Funci\u00f3n parlante en ingl\u00e9s y espa\u00f1ol<\/li>\n<li>5 segundos Medici\u00f3n<\/li>\n<li>Funci\u00f3n de alarma horaria<\/li>\n<li>450 Memoria con fecha y hora<\/li>\n<li>14,28 D\u00edas Funci\u00f3n media<\/li>\n<li>5ul Volumen sangu\u00edneo capilar<\/li>\n<\/ul>\n","protected":false},"featured_media":1083,"comment_status":"open","ping_status":"closed","template":"","meta":{"rs_blank_template":"","rs_page_bg_color":"","slide_template_v7":""},"product_brand":[],"product_cat":[73],"product_tag":[],"class_list":{"0":"post-1426","1":"product","2":"type-product","3":"status-publish","4":"has-post-thumbnail","6":"product_cat-equipos-de-diagnostico","8":"first","9":"instock","10":"shipping-taxable","11":"product-type-simple"},"_links":{"self":[{"href":"https:\/\/vamedicalca.com\/es\/wp-json\/wp\/v2\/product\/1426","targetHints":{"allow":["GET"]}}],"collection":[{"href":"https:\/\/vamedicalca.com\/es\/wp-json\/wp\/v2\/product"}],"about":[{"href":"https:\/\/vamedicalca.com\/es\/wp-json\/wp\/v2\/types\/product"}],"replies":[{"embeddable":true,"href":"https:\/\/vamedicalca.com\/es\/wp-json\/wp\/v2\/comments?post=1426"}],"version-history":[{"count":0,"href":"https:\/\/vamedicalca.com\/es\/wp-json\/wp\/v2\/product\/1426\/revisions"}],"wp:featuredmedia":[{"embeddable":true,"href":"https:\/\/vamedicalca.com\/es\/wp-json\/wp\/v2\/media\/1083"}],"wp:attachment":[{"href":"https:\/\/vamedicalca.com\/es\/wp-json\/wp\/v2\/media?parent=1426"}],"wp:term":[{"taxonomy":"product_brand","embeddable":true,"href":"https:\/\/vamedicalca.com\/es\/wp-json\/wp\/v2\/product_brand?post=1426"},{"taxonomy":"product_cat","embeddable":true,"href":"https:\/\/vamedicalca.com\/es\/wp-json\/wp\/v2\/product_cat?post=1426"},{"taxonomy":"product_tag","embeddable":true,"href":"https:\/\/vamedicalca.com\/es\/wp-json\/wp\/v2\/product_tag?post=1426"}],"curies":[{"name":"wp","href":"https:\/\/api.w.org\/{rel}","templated":true}]}}