{"id":1423,"date":"2023-05-28T19:54:42","date_gmt":"2023-05-28T19:54:42","guid":{"rendered":"https:\/\/vamedicalca.com\/product\/collar-cervical-cs-05\/"},"modified":"2023-05-29T05:01:09","modified_gmt":"2023-05-29T05:01:09","slug":"collar-cervical-cs-05","status":"publish","type":"product","link":"https:\/\/vamedicalca.com\/es\/producto\/collar-cervical-cs-05\/","title":{"rendered":"COLLAR CERVICAL CS-05"},"content":{"rendered":"","protected":false},"excerpt":{"rendered":"<ul>\n<li>Para la espondilosis cervical.<\/li>\n<li>Enfermedad o lesi\u00f3n discal cervical.<\/li>\n<li>Neuralgia cervical.<\/li>\n<li>Para cuando se requiere una inmovilizaci\u00f3n parcial o controlada de la regi\u00f3n cervical.<\/li>\n<li>Cuello r\u00edgido.<\/li>\n<li>Enfermedad reumatoide precoz.<\/li>\n<li>Tratamiento del s\u00edndrome del latigazo cervical.<\/li>\n<li>Otras afecciones ortop\u00e9dicas o neurol\u00f3gicas que requieran una inmovilizaci\u00f3n r\u00edgida de la regi\u00f3n cervical.<\/li>\n<\/ul>\n<p>Tama\u00f1o: PD, CH<\/p>\n","protected":false},"featured_media":1145,"comment_status":"open","ping_status":"closed","template":"","meta":{"rs_blank_template":"","rs_page_bg_color":"","slide_template_v7":""},"product_brand":[],"product_cat":[72],"product_tag":[],"class_list":{"0":"post-1423","1":"product","2":"type-product","3":"status-publish","4":"has-post-thumbnail","6":"product_cat-ortopedia-pediatrica","8":"first","9":"instock","10":"shipping-taxable","11":"product-type-simple"},"_links":{"self":[{"href":"https:\/\/vamedicalca.com\/es\/wp-json\/wp\/v2\/product\/1423","targetHints":{"allow":["GET"]}}],"collection":[{"href":"https:\/\/vamedicalca.com\/es\/wp-json\/wp\/v2\/product"}],"about":[{"href":"https:\/\/vamedicalca.com\/es\/wp-json\/wp\/v2\/types\/product"}],"replies":[{"embeddable":true,"href":"https:\/\/vamedicalca.com\/es\/wp-json\/wp\/v2\/comments?post=1423"}],"version-history":[{"count":0,"href":"https:\/\/vamedicalca.com\/es\/wp-json\/wp\/v2\/product\/1423\/revisions"}],"wp:featuredmedia":[{"embeddable":true,"href":"https:\/\/vamedicalca.com\/es\/wp-json\/wp\/v2\/media\/1145"}],"wp:attachment":[{"href":"https:\/\/vamedicalca.com\/es\/wp-json\/wp\/v2\/media?parent=1423"}],"wp:term":[{"taxonomy":"product_brand","embeddable":true,"href":"https:\/\/vamedicalca.com\/es\/wp-json\/wp\/v2\/product_brand?post=1423"},{"taxonomy":"product_cat","embeddable":true,"href":"https:\/\/vamedicalca.com\/es\/wp-json\/wp\/v2\/product_cat?post=1423"},{"taxonomy":"product_tag","embeddable":true,"href":"https:\/\/vamedicalca.com\/es\/wp-json\/wp\/v2\/product_tag?post=1423"}],"curies":[{"name":"wp","href":"https:\/\/api.w.org\/{rel}","templated":true}]}}