{"id":1421,"date":"2023-05-28T19:56:42","date_gmt":"2023-05-28T19:56:42","guid":{"rendered":"https:\/\/vamedicalca.com\/product\/cabestrillo-para-brazo-fa-01\/"},"modified":"2023-05-28T19:56:42","modified_gmt":"2023-05-28T19:56:42","slug":"brazo-eslinga-fa-01","status":"publish","type":"product","link":"https:\/\/vamedicalca.com\/es\/producto\/brazo-eslinga-fa-01\/","title":{"rendered":"CABESTRILLO PARA BRAZO FA-01"},"content":{"rendered":"","protected":false},"excerpt":{"rendered":"<ul>\n<li>Para tratar fracturas de radio, h\u00famero, c\u00fabito, clav\u00edcula y esc\u00e1pula<\/li>\n<li>Puede utilizarse para el brazo izquierdo o derecho<\/li>\n<li>Para tratar la rehabilitaci\u00f3n posquir\u00fargica del brazo<\/li>\n<li>Para utilizar despu\u00e9s del yeso<\/li>\n<li>Para contractura o luxaci\u00f3n de hombro<\/li>\n<li>Para cualquier otra afecci\u00f3n que requiera apoyar o inmovilizar el brazo.<\/li>\n<\/ul>\n<p>Tama\u00f1o: PD, CH.<\/p>\n","protected":false},"featured_media":1151,"comment_status":"open","ping_status":"closed","template":"","meta":{"rs_blank_template":"","rs_page_bg_color":"","slide_template_v7":""},"product_brand":[],"product_cat":[72],"product_tag":[],"class_list":{"0":"post-1421","1":"product","2":"type-product","3":"status-publish","4":"has-post-thumbnail","6":"product_cat-ortopedia-pediatrica","8":"first","9":"instock","10":"shipping-taxable","11":"product-type-simple"},"_links":{"self":[{"href":"https:\/\/vamedicalca.com\/es\/wp-json\/wp\/v2\/product\/1421","targetHints":{"allow":["GET"]}}],"collection":[{"href":"https:\/\/vamedicalca.com\/es\/wp-json\/wp\/v2\/product"}],"about":[{"href":"https:\/\/vamedicalca.com\/es\/wp-json\/wp\/v2\/types\/product"}],"replies":[{"embeddable":true,"href":"https:\/\/vamedicalca.com\/es\/wp-json\/wp\/v2\/comments?post=1421"}],"version-history":[{"count":0,"href":"https:\/\/vamedicalca.com\/es\/wp-json\/wp\/v2\/product\/1421\/revisions"}],"wp:featuredmedia":[{"embeddable":true,"href":"https:\/\/vamedicalca.com\/es\/wp-json\/wp\/v2\/media\/1151"}],"wp:attachment":[{"href":"https:\/\/vamedicalca.com\/es\/wp-json\/wp\/v2\/media?parent=1421"}],"wp:term":[{"taxonomy":"product_brand","embeddable":true,"href":"https:\/\/vamedicalca.com\/es\/wp-json\/wp\/v2\/product_brand?post=1421"},{"taxonomy":"product_cat","embeddable":true,"href":"https:\/\/vamedicalca.com\/es\/wp-json\/wp\/v2\/product_cat?post=1421"},{"taxonomy":"product_tag","embeddable":true,"href":"https:\/\/vamedicalca.com\/es\/wp-json\/wp\/v2\/product_tag?post=1421"}],"curies":[{"name":"wp","href":"https:\/\/api.w.org\/{rel}","templated":true}]}}