{"id":1419,"date":"2023-05-28T20:01:44","date_gmt":"2023-05-28T20:01:44","guid":{"rendered":"https:\/\/vamedicalca.com\/product\/munequera-y-antebrazo-ws-11\/"},"modified":"2023-05-28T20:01:44","modified_gmt":"2023-05-28T20:01:44","slug":"munequera-antebrazo-ws-11","status":"publish","type":"product","link":"https:\/\/vamedicalca.com\/es\/producto\/munequera-antebrazo-ws-11\/","title":{"rendered":"MU\u00d1EQUERA Y ANTEBRAZO WS-11"},"content":{"rendered":"","protected":false},"excerpt":{"rendered":"<ul>\n<li>Tendinitis, tenosinovitis o bursitis.<\/li>\n<li>Cuidado de la mu\u00f1eca artr\u00edtica.<\/li>\n<li>Protecci\u00f3n posterior al enlucido.<\/li>\n<li>Protecci\u00f3n y rehabilitaci\u00f3n posquir\u00fargica.<\/li>\n<li>Lesi\u00f3n metacarpiana.<\/li>\n<li>Tratamiento de la cirug\u00eda de reparaci\u00f3n de tendones.<\/li>\n<li>Para esguinces y distensiones.<\/li>\n<li>Para cualquier otra afecci\u00f3n que requiera apoyo ortop\u00e9dico en la mu\u00f1eca, la mano y el antebrazo.<\/li>\n<\/ul>\n<p>&nbsp;<\/p>\n<p>Talla: UNIVERSAL<\/p>\n","protected":false},"featured_media":1157,"comment_status":"open","ping_status":"closed","template":"","meta":{"rs_blank_template":"","rs_page_bg_color":"","slide_template_v7":""},"product_brand":[],"product_cat":[72],"product_tag":[],"class_list":{"0":"post-1419","1":"product","2":"type-product","3":"status-publish","4":"has-post-thumbnail","6":"product_cat-ortopedia-pediatrica","8":"first","9":"instock","10":"shipping-taxable","11":"product-type-simple"},"_links":{"self":[{"href":"https:\/\/vamedicalca.com\/es\/wp-json\/wp\/v2\/product\/1419","targetHints":{"allow":["GET"]}}],"collection":[{"href":"https:\/\/vamedicalca.com\/es\/wp-json\/wp\/v2\/product"}],"about":[{"href":"https:\/\/vamedicalca.com\/es\/wp-json\/wp\/v2\/types\/product"}],"replies":[{"embeddable":true,"href":"https:\/\/vamedicalca.com\/es\/wp-json\/wp\/v2\/comments?post=1419"}],"version-history":[{"count":0,"href":"https:\/\/vamedicalca.com\/es\/wp-json\/wp\/v2\/product\/1419\/revisions"}],"wp:featuredmedia":[{"embeddable":true,"href":"https:\/\/vamedicalca.com\/es\/wp-json\/wp\/v2\/media\/1157"}],"wp:attachment":[{"href":"https:\/\/vamedicalca.com\/es\/wp-json\/wp\/v2\/media?parent=1419"}],"wp:term":[{"taxonomy":"product_brand","embeddable":true,"href":"https:\/\/vamedicalca.com\/es\/wp-json\/wp\/v2\/product_brand?post=1419"},{"taxonomy":"product_cat","embeddable":true,"href":"https:\/\/vamedicalca.com\/es\/wp-json\/wp\/v2\/product_cat?post=1419"},{"taxonomy":"product_tag","embeddable":true,"href":"https:\/\/vamedicalca.com\/es\/wp-json\/wp\/v2\/product_tag?post=1419"}],"curies":[{"name":"wp","href":"https:\/\/api.w.org\/{rel}","templated":true}]}}