{"id":1416,"date":"2023-05-28T20:05:05","date_gmt":"2023-05-28T20:05:05","guid":{"rendered":"https:\/\/vamedicalca.com\/product\/inmovilizador-de-rodilla-ks-03\/"},"modified":"2023-08-24T04:14:19","modified_gmt":"2023-08-24T04:14:19","slug":"inmovilizador-de-rodilla-ks-03","status":"publish","type":"product","link":"https:\/\/vamedicalca.com\/es\/producto\/inmovilizador-de-rodilla-ks-03\/","title":{"rendered":"INMOVILIZADOR DE RODILLA KS-03"},"content":{"rendered":"","protected":false},"excerpt":{"rendered":"<ul>\n<li>Con f\u00e9rula anat\u00f3mica posterior.<\/li>\n<li>Con f\u00e9rulas laterales en relieve en la articulaci\u00f3n de la rodilla.<\/li>\n<li>Conocida como f\u00e9rula de rodilla, se utiliza para personas con limitaciones f\u00edsicas, lesiones o discapacitados.<\/li>\n<li>Proporciona protecci\u00f3n a la articulaci\u00f3n de la rodilla lesionada en caso de emergencia.<\/li>\n<li>Controla el movimiento de la r\u00f3tula y estabiliza la rodilla lesionada.<\/li>\n<li>En caso de tratamiento posquir\u00fargico de la rodilla o de luxaci\u00f3n o fractura de tend\u00f3n<\/li>\n<li>Para su uso durante la fisioterapia.<\/li>\n<\/ul>\n<p>&nbsp;<\/p>\n<p>Tama\u00f1o: PD, CH<\/p>\n","protected":false},"featured_media":1166,"comment_status":"open","ping_status":"closed","template":"","meta":{"rs_blank_template":"","rs_page_bg_color":"","slide_template_v7":""},"product_brand":[],"product_cat":[72],"product_tag":[],"class_list":{"0":"post-1416","1":"product","2":"type-product","3":"status-publish","4":"has-post-thumbnail","6":"product_cat-ortopedia-pediatrica","8":"first","9":"instock","10":"shipping-taxable","11":"product-type-simple"},"_links":{"self":[{"href":"https:\/\/vamedicalca.com\/es\/wp-json\/wp\/v2\/product\/1416","targetHints":{"allow":["GET"]}}],"collection":[{"href":"https:\/\/vamedicalca.com\/es\/wp-json\/wp\/v2\/product"}],"about":[{"href":"https:\/\/vamedicalca.com\/es\/wp-json\/wp\/v2\/types\/product"}],"replies":[{"embeddable":true,"href":"https:\/\/vamedicalca.com\/es\/wp-json\/wp\/v2\/comments?post=1416"}],"version-history":[{"count":0,"href":"https:\/\/vamedicalca.com\/es\/wp-json\/wp\/v2\/product\/1416\/revisions"}],"wp:featuredmedia":[{"embeddable":true,"href":"https:\/\/vamedicalca.com\/es\/wp-json\/wp\/v2\/media\/1166"}],"wp:attachment":[{"href":"https:\/\/vamedicalca.com\/es\/wp-json\/wp\/v2\/media?parent=1416"}],"wp:term":[{"taxonomy":"product_brand","embeddable":true,"href":"https:\/\/vamedicalca.com\/es\/wp-json\/wp\/v2\/product_brand?post=1416"},{"taxonomy":"product_cat","embeddable":true,"href":"https:\/\/vamedicalca.com\/es\/wp-json\/wp\/v2\/product_cat?post=1416"},{"taxonomy":"product_tag","embeddable":true,"href":"https:\/\/vamedicalca.com\/es\/wp-json\/wp\/v2\/product_tag?post=1416"}],"curies":[{"name":"wp","href":"https:\/\/api.w.org\/{rel}","templated":true}]}}