{"id":1415,"date":"2023-05-28T20:06:20","date_gmt":"2023-05-28T20:06:20","guid":{"rendered":"https:\/\/vamedicalca.com\/product\/tirante-taylor-fa-07\/"},"modified":"2023-08-25T03:57:43","modified_gmt":"2023-08-25T03:57:43","slug":"taylor-brace-fa-07","status":"publish","type":"product","link":"https:\/\/vamedicalca.com\/es\/producto\/taylor-brace-fa-07\/","title":{"rendered":"FAJA DORSO-LUMBAR NEO FA-07"},"content":{"rendered":"","protected":false},"excerpt":{"rendered":"<ul>\n<li>Excelente inmovilizaci\u00f3n de la columna vertebral.<\/li>\n<li>Mantiene la columna vertebral en una posici\u00f3n neutra, con un ajuste perfecto.<\/li>\n<li>En pacientes afectados por actitudes cif\u00f3ticas incorrectas, acu\u00f1amiento vertebral, traumatismos dorso-lumbares, enfermedades infecciosas (tuberculosis) que afectan a la columna dorsal.<\/li>\n<li>Hernias discales, postoperatorios, osteoporosis, fracturas vertebrales y en todos aquellos casos en los que nos interese una correcci\u00f3n de la curva cif\u00f3tica.<\/li>\n<li>Corrige la postura de los hombros, aseg\u00farate de ajustar las correas para que no se aflojen y la ortesis no se deslice.<\/li>\n<li>Algunas lumbalgias T-8, T-12, asociadas a lumbalgias que requieren inmovilizaci\u00f3n temporal.<\/li>\n<li>En aquellos casos en los que requieran parcialmente soporte tor\u00e1cico en determinados momentos del d\u00eda y en funci\u00f3n de la actividad.<\/li>\n<li>Permite una mejor compresi\u00f3n y ajuste de la regi\u00f3n lumbosacra: f\u00e1cil colocaci\u00f3n y retirada de la \u00f3rtesis.<\/li>\n<\/ul>\n<p>Tama\u00f1o: PD, CH.<\/p>\n","protected":false},"featured_media":1169,"comment_status":"open","ping_status":"closed","template":"","meta":{"rs_blank_template":"","rs_page_bg_color":"","slide_template_v7":""},"product_brand":[],"product_cat":[72],"product_tag":[],"class_list":{"0":"post-1415","1":"product","2":"type-product","3":"status-publish","4":"has-post-thumbnail","6":"product_cat-ortopedia-pediatrica","8":"first","9":"instock","10":"shipping-taxable","11":"product-type-simple"},"_links":{"self":[{"href":"https:\/\/vamedicalca.com\/es\/wp-json\/wp\/v2\/product\/1415","targetHints":{"allow":["GET"]}}],"collection":[{"href":"https:\/\/vamedicalca.com\/es\/wp-json\/wp\/v2\/product"}],"about":[{"href":"https:\/\/vamedicalca.com\/es\/wp-json\/wp\/v2\/types\/product"}],"replies":[{"embeddable":true,"href":"https:\/\/vamedicalca.com\/es\/wp-json\/wp\/v2\/comments?post=1415"}],"version-history":[{"count":0,"href":"https:\/\/vamedicalca.com\/es\/wp-json\/wp\/v2\/product\/1415\/revisions"}],"wp:featuredmedia":[{"embeddable":true,"href":"https:\/\/vamedicalca.com\/es\/wp-json\/wp\/v2\/media\/1169"}],"wp:attachment":[{"href":"https:\/\/vamedicalca.com\/es\/wp-json\/wp\/v2\/media?parent=1415"}],"wp:term":[{"taxonomy":"product_brand","embeddable":true,"href":"https:\/\/vamedicalca.com\/es\/wp-json\/wp\/v2\/product_brand?post=1415"},{"taxonomy":"product_cat","embeddable":true,"href":"https:\/\/vamedicalca.com\/es\/wp-json\/wp\/v2\/product_cat?post=1415"},{"taxonomy":"product_tag","embeddable":true,"href":"https:\/\/vamedicalca.com\/es\/wp-json\/wp\/v2\/product_tag?post=1415"}],"curies":[{"name":"wp","href":"https:\/\/api.w.org\/{rel}","templated":true}]}}