{"id":1413,"date":"2023-05-28T20:08:55","date_gmt":"2023-05-28T20:08:55","guid":{"rendered":"https:\/\/vamedicalca.com\/product\/arnes-pavlik-fa-13\/"},"modified":"2023-05-28T20:08:55","modified_gmt":"2023-05-28T20:08:55","slug":"pavlik-arnes-fa-13","status":"publish","type":"product","link":"https:\/\/vamedicalca.com\/es\/producto\/pavlik-arnes-fa-13\/","title":{"rendered":"ARN\u00c9S PAVLIK FA-13"},"content":{"rendered":"","protected":false},"excerpt":{"rendered":"<p>&#8211; Para el tratamiento de la displasia de cadera en beb\u00e9s.- El arn\u00e9s tiene correas de tela y clips que se ajustan alrededor del pecho, los hombros y las piernas del beb\u00e9.- El arn\u00e9s mantiene las piernas del beb\u00e9 en posici\u00f3n abierta, con las caderas flexionadas de modo que los muslos queden a los lados.- Esto mantiene la cabeza del f\u00e9mur en la posici\u00f3n correcta en la cavidad de la cadera para un desarrollo normal.<\/p>\n<p>&nbsp;<\/p>\n<p>Talla: XXS, XS.<\/p>\n","protected":false},"featured_media":1175,"comment_status":"open","ping_status":"closed","template":"","meta":{"rs_blank_template":"","rs_page_bg_color":"","slide_template_v7":""},"product_brand":[],"product_cat":[72],"product_tag":[],"class_list":{"0":"post-1413","1":"product","2":"type-product","3":"status-publish","4":"has-post-thumbnail","6":"product_cat-ortopedia-pediatrica","8":"first","9":"instock","10":"shipping-taxable","11":"product-type-simple"},"_links":{"self":[{"href":"https:\/\/vamedicalca.com\/es\/wp-json\/wp\/v2\/product\/1413","targetHints":{"allow":["GET"]}}],"collection":[{"href":"https:\/\/vamedicalca.com\/es\/wp-json\/wp\/v2\/product"}],"about":[{"href":"https:\/\/vamedicalca.com\/es\/wp-json\/wp\/v2\/types\/product"}],"replies":[{"embeddable":true,"href":"https:\/\/vamedicalca.com\/es\/wp-json\/wp\/v2\/comments?post=1413"}],"version-history":[{"count":0,"href":"https:\/\/vamedicalca.com\/es\/wp-json\/wp\/v2\/product\/1413\/revisions"}],"wp:featuredmedia":[{"embeddable":true,"href":"https:\/\/vamedicalca.com\/es\/wp-json\/wp\/v2\/media\/1175"}],"wp:attachment":[{"href":"https:\/\/vamedicalca.com\/es\/wp-json\/wp\/v2\/media?parent=1413"}],"wp:term":[{"taxonomy":"product_brand","embeddable":true,"href":"https:\/\/vamedicalca.com\/es\/wp-json\/wp\/v2\/product_brand?post=1413"},{"taxonomy":"product_cat","embeddable":true,"href":"https:\/\/vamedicalca.com\/es\/wp-json\/wp\/v2\/product_cat?post=1413"},{"taxonomy":"product_tag","embeddable":true,"href":"https:\/\/vamedicalca.com\/es\/wp-json\/wp\/v2\/product_tag?post=1413"}],"curies":[{"name":"wp","href":"https:\/\/api.w.org\/{rel}","templated":true}]}}