{"id":1407,"date":"2023-05-28T19:46:00","date_gmt":"2023-05-28T19:46:00","guid":{"rendered":"https:\/\/vamedicalca.com\/product\/panal-snuggy\/"},"modified":"2023-05-28T19:46:00","modified_gmt":"2023-05-28T19:46:00","slug":"panal-snuggy-baby","status":"publish","type":"product","link":"https:\/\/vamedicalca.com\/es\/producto\/panal-snuggy-baby\/","title":{"rendered":"PA\u00d1AL SNUGGY"},"content":{"rendered":"","protected":false},"excerpt":{"rendered":"<p>Snuggy es muy absorbente y suave con la piel del beb\u00e9, incluye:<\/p>\n<ul>\n<li>ADL: para una dispersi\u00f3n r\u00e1pida y uniforme del l\u00edquido.<\/li>\n<li>Indicador de humedad<\/li>\n<li>Ligas secundarias<\/li>\n<li>Cinta autoadherente Magic Grip<\/li>\n<li>N\u00facleo superabsorbente.<\/li>\n<li>Tiene todas las caracter\u00edsticas de los pa\u00f1ales especializados para adultos.<\/li>\n<\/ul>\n","protected":false},"featured_media":1136,"comment_status":"open","ping_status":"closed","template":"","meta":{"rs_blank_template":"","rs_page_bg_color":"","slide_template_v7":""},"product_brand":[],"product_cat":[71],"product_tag":[],"class_list":{"0":"post-1407","1":"product","2":"type-product","3":"status-publish","4":"has-post-thumbnail","6":"product_cat-productos-para-la-incontinencia","8":"first","9":"instock","10":"shipping-taxable","11":"product-type-simple"},"_links":{"self":[{"href":"https:\/\/vamedicalca.com\/es\/wp-json\/wp\/v2\/product\/1407","targetHints":{"allow":["GET"]}}],"collection":[{"href":"https:\/\/vamedicalca.com\/es\/wp-json\/wp\/v2\/product"}],"about":[{"href":"https:\/\/vamedicalca.com\/es\/wp-json\/wp\/v2\/types\/product"}],"replies":[{"embeddable":true,"href":"https:\/\/vamedicalca.com\/es\/wp-json\/wp\/v2\/comments?post=1407"}],"version-history":[{"count":0,"href":"https:\/\/vamedicalca.com\/es\/wp-json\/wp\/v2\/product\/1407\/revisions"}],"wp:featuredmedia":[{"embeddable":true,"href":"https:\/\/vamedicalca.com\/es\/wp-json\/wp\/v2\/media\/1136"}],"wp:attachment":[{"href":"https:\/\/vamedicalca.com\/es\/wp-json\/wp\/v2\/media?parent=1407"}],"wp:term":[{"taxonomy":"product_brand","embeddable":true,"href":"https:\/\/vamedicalca.com\/es\/wp-json\/wp\/v2\/product_brand?post=1407"},{"taxonomy":"product_cat","embeddable":true,"href":"https:\/\/vamedicalca.com\/es\/wp-json\/wp\/v2\/product_cat?post=1407"},{"taxonomy":"product_tag","embeddable":true,"href":"https:\/\/vamedicalca.com\/es\/wp-json\/wp\/v2\/product_tag?post=1407"}],"curies":[{"name":"wp","href":"https:\/\/api.w.org\/{rel}","templated":true}]}}