{"id":1406,"date":"2023-05-28T19:47:21","date_gmt":"2023-05-28T19:47:21","guid":{"rendered":"https:\/\/vamedicalca.com\/product\/compresas-rio-flujo-abundante\/"},"modified":"2023-08-25T00:18:54","modified_gmt":"2023-08-25T00:18:54","slug":"rio-pads-heavy-flow","status":"publish","type":"product","link":"https:\/\/vamedicalca.com\/es\/producto\/rio-pads-heavy-flow\/","title":{"rendered":"PAD DE FLUJO ABUNDANTE RIO"},"content":{"rendered":"","protected":false},"excerpt":{"rendered":"<ul>\n<li>Las compresas RIO para flujo abundante o posparto est\u00e1n dise\u00f1adas para ser muy absorbentes e incorporan un suave soporte de algod\u00f3n para ofrecer la m\u00e1xima comodidad sobre la piel.<\/li>\n<li>Son de naturaleza antibacteriana, por lo que evitan la irritaci\u00f3n y el picor.<\/li>\n<\/ul>\n","protected":false},"featured_media":1134,"comment_status":"open","ping_status":"closed","template":"","meta":{"rs_blank_template":"","rs_page_bg_color":"","slide_template_v7":""},"product_brand":[],"product_cat":[71],"product_tag":[],"class_list":{"0":"post-1406","1":"product","2":"type-product","3":"status-publish","4":"has-post-thumbnail","6":"product_cat-productos-para-la-incontinencia","8":"first","9":"instock","10":"shipping-taxable","11":"product-type-simple"},"_links":{"self":[{"href":"https:\/\/vamedicalca.com\/es\/wp-json\/wp\/v2\/product\/1406","targetHints":{"allow":["GET"]}}],"collection":[{"href":"https:\/\/vamedicalca.com\/es\/wp-json\/wp\/v2\/product"}],"about":[{"href":"https:\/\/vamedicalca.com\/es\/wp-json\/wp\/v2\/types\/product"}],"replies":[{"embeddable":true,"href":"https:\/\/vamedicalca.com\/es\/wp-json\/wp\/v2\/comments?post=1406"}],"version-history":[{"count":0,"href":"https:\/\/vamedicalca.com\/es\/wp-json\/wp\/v2\/product\/1406\/revisions"}],"wp:featuredmedia":[{"embeddable":true,"href":"https:\/\/vamedicalca.com\/es\/wp-json\/wp\/v2\/media\/1134"}],"wp:attachment":[{"href":"https:\/\/vamedicalca.com\/es\/wp-json\/wp\/v2\/media?parent=1406"}],"wp:term":[{"taxonomy":"product_brand","embeddable":true,"href":"https:\/\/vamedicalca.com\/es\/wp-json\/wp\/v2\/product_brand?post=1406"},{"taxonomy":"product_cat","embeddable":true,"href":"https:\/\/vamedicalca.com\/es\/wp-json\/wp\/v2\/product_cat?post=1406"},{"taxonomy":"product_tag","embeddable":true,"href":"https:\/\/vamedicalca.com\/es\/wp-json\/wp\/v2\/product_tag?post=1406"}],"curies":[{"name":"wp","href":"https:\/\/api.w.org\/{rel}","templated":true}]}}