{"id":1402,"date":"2023-05-18T17:51:35","date_gmt":"2023-05-18T17:51:35","guid":{"rendered":"https:\/\/vamedicalca.com\/product\/silla-de-ruedas-bariatrica-ezee-life\/"},"modified":"2023-05-18T17:51:35","modified_gmt":"2023-05-18T17:51:35","slug":"silla-de-rueda-bariatrica-ezee-life","status":"publish","type":"product","link":"https:\/\/vamedicalca.com\/es\/producto\/silla-de-rueda-bariatrica-ezee-life\/","title":{"rendered":"Silla de ruedas bari\u00e1trica EZee Life"},"content":{"rendered":"","protected":false},"excerpt":{"rendered":"<p>Esta silla de ruedas bari\u00e1trica EZee Life es una silla de ruedas de alta resistencia con un ancho de asiento de 24 \u00ab, una capacidad de peso de 400 libras, marco plegable de acero, apoyabrazos desmontables, reposapi\u00e9s desmontables, neum\u00e1ticos s\u00f3lidos libres de mantenimiento y tapicer\u00eda de pvc ligero en relieve. El dise\u00f1o robusto de estas sillas de ruedas hace que duren muchos a\u00f1os con s\u00f3lo peque\u00f1os problemas de mantenimiento comunes entre todas las sillas de ruedas a tratar.<\/p>\n","protected":false},"featured_media":564,"comment_status":"open","ping_status":"closed","template":"","meta":{"rs_blank_template":"","rs_page_bg_color":"","slide_template_v7":""},"product_brand":[],"product_cat":[70],"product_tag":[],"class_list":{"0":"post-1402","1":"product","2":"type-product","3":"status-publish","4":"has-post-thumbnail","6":"product_cat-ayuda-a-la-movilidad","8":"first","9":"instock","10":"shipping-taxable","11":"product-type-simple"},"_links":{"self":[{"href":"https:\/\/vamedicalca.com\/es\/wp-json\/wp\/v2\/product\/1402","targetHints":{"allow":["GET"]}}],"collection":[{"href":"https:\/\/vamedicalca.com\/es\/wp-json\/wp\/v2\/product"}],"about":[{"href":"https:\/\/vamedicalca.com\/es\/wp-json\/wp\/v2\/types\/product"}],"replies":[{"embeddable":true,"href":"https:\/\/vamedicalca.com\/es\/wp-json\/wp\/v2\/comments?post=1402"}],"version-history":[{"count":0,"href":"https:\/\/vamedicalca.com\/es\/wp-json\/wp\/v2\/product\/1402\/revisions"}],"wp:featuredmedia":[{"embeddable":true,"href":"https:\/\/vamedicalca.com\/es\/wp-json\/wp\/v2\/media\/564"}],"wp:attachment":[{"href":"https:\/\/vamedicalca.com\/es\/wp-json\/wp\/v2\/media?parent=1402"}],"wp:term":[{"taxonomy":"product_brand","embeddable":true,"href":"https:\/\/vamedicalca.com\/es\/wp-json\/wp\/v2\/product_brand?post=1402"},{"taxonomy":"product_cat","embeddable":true,"href":"https:\/\/vamedicalca.com\/es\/wp-json\/wp\/v2\/product_cat?post=1402"},{"taxonomy":"product_tag","embeddable":true,"href":"https:\/\/vamedicalca.com\/es\/wp-json\/wp\/v2\/product_tag?post=1402"}],"curies":[{"name":"wp","href":"https:\/\/api.w.org\/{rel}","templated":true}]}}