{"id":1400,"date":"2023-05-18T17:51:35","date_gmt":"2023-05-18T17:51:35","guid":{"rendered":"https:\/\/vamedicalca.com\/product\/el-baston-con-mango-desplazado-airgo\/"},"modified":"2023-05-18T17:51:35","modified_gmt":"2023-05-18T17:51:35","slug":"baston-ultraliviano-airgo","status":"publish","type":"product","link":"https:\/\/vamedicalca.com\/es\/producto\/baston-ultraliviano-airgo\/","title":{"rendered":"El bast\u00f3n con mango desplazado Airgo"},"content":{"rendered":"<p>Est\u00e1 dise\u00f1ado para proporcionar un confort y una seguridad inigualables a cada paso.<\/p>\n<h4>CARACTER\u00cdSTICAS Y VENTAJAS<\/h4>\n<p><strong>Mango ergon\u00f3mico<\/strong><\/p>\n<ul>\n<li>La parte superior acolchada se adapta a la mano y ayuda a reducir la transmisi\u00f3n de impactos.<\/li>\n<li>Dise\u00f1ado para adaptarse m\u00e1s c\u00f3modamente a la mano.<\/li>\n<li>Correa de bast\u00f3n con parche reflectante para mayor seguridad nocturna.<\/li>\n<\/ul>\n<p><strong>Punta Flex-Grip<\/strong><\/p>\n<ul>\n<li>La punta Flex-grip est\u00e1 dise\u00f1ada para proporcionar un contacto fluido con la superficie durante todo el movimiento de marcha.<\/li>\n<li>El dise\u00f1o de la banda de rodadura proporciona un agarre superior y ayuda a absorber los impactos.<\/li>\n<\/ul>\n","protected":false},"excerpt":{"rendered":"<p>Est\u00e1 dise\u00f1ado para proporcionar un confort y una seguridad inigualables a cada paso.<\/p>\n<h4>CARACTER\u00cdSTICAS Y VENTAJAS<\/h4>\n<p><strong>Mango ergon\u00f3mico<\/strong><\/p>\n<ul>\n<li>La parte superior acolchada se adapta a la mano y ayuda a reducir la transmisi\u00f3n de impactos.<\/li>\n<li>Dise\u00f1ado para adaptarse m\u00e1s c\u00f3modamente a la mano.<\/li>\n<li>Correa de bast\u00f3n con parche reflectante para mayor seguridad nocturna.<\/li>\n<\/ul>\n<p><strong>Punta Flex-Grip<\/strong><\/p>\n<ul>\n<li>La punta Flex-grip est\u00e1 dise\u00f1ada para proporcionar un contacto fluido con la superficie durante todo el movimiento de marcha.<\/li>\n<li>El dise\u00f1o de la banda de rodadura proporciona un agarre superior y ayuda a absorber los impactos.<\/li>\n<\/ul>\n","protected":false},"featured_media":566,"comment_status":"open","ping_status":"closed","template":"","meta":{"rs_blank_template":"","rs_page_bg_color":"","slide_template_v7":""},"product_brand":[],"product_cat":[70],"product_tag":[],"class_list":{"0":"post-1400","1":"product","2":"type-product","3":"status-publish","4":"has-post-thumbnail","6":"product_cat-ayuda-a-la-movilidad","8":"first","9":"instock","10":"shipping-taxable","11":"product-type-simple"},"_links":{"self":[{"href":"https:\/\/vamedicalca.com\/es\/wp-json\/wp\/v2\/product\/1400","targetHints":{"allow":["GET"]}}],"collection":[{"href":"https:\/\/vamedicalca.com\/es\/wp-json\/wp\/v2\/product"}],"about":[{"href":"https:\/\/vamedicalca.com\/es\/wp-json\/wp\/v2\/types\/product"}],"replies":[{"embeddable":true,"href":"https:\/\/vamedicalca.com\/es\/wp-json\/wp\/v2\/comments?post=1400"}],"version-history":[{"count":0,"href":"https:\/\/vamedicalca.com\/es\/wp-json\/wp\/v2\/product\/1400\/revisions"}],"wp:featuredmedia":[{"embeddable":true,"href":"https:\/\/vamedicalca.com\/es\/wp-json\/wp\/v2\/media\/566"}],"wp:attachment":[{"href":"https:\/\/vamedicalca.com\/es\/wp-json\/wp\/v2\/media?parent=1400"}],"wp:term":[{"taxonomy":"product_brand","embeddable":true,"href":"https:\/\/vamedicalca.com\/es\/wp-json\/wp\/v2\/product_brand?post=1400"},{"taxonomy":"product_cat","embeddable":true,"href":"https:\/\/vamedicalca.com\/es\/wp-json\/wp\/v2\/product_cat?post=1400"},{"taxonomy":"product_tag","embeddable":true,"href":"https:\/\/vamedicalca.com\/es\/wp-json\/wp\/v2\/product_tag?post=1400"}],"curies":[{"name":"wp","href":"https:\/\/api.w.org\/{rel}","templated":true}]}}