{"id":1399,"date":"2023-05-18T17:51:35","date_gmt":"2023-05-18T17:51:35","guid":{"rendered":"https:\/\/vamedicalca.com\/product\/bastones-cuadruples-de-aluminio-medline\/"},"modified":"2023-05-18T17:51:35","modified_gmt":"2023-05-18T17:51:35","slug":"baston-de-cuatro-puntos-medline","status":"publish","type":"product","link":"https:\/\/vamedicalca.com\/es\/producto\/baston-de-cuatro-puntos-medline\/","title":{"rendered":"Bastones cu\u00e1druples de aluminio Medline"},"content":{"rendered":"","protected":false},"excerpt":{"rendered":"<p>Fabricante: Medline<\/p>\n<ul>\n<li>Los bastones con cuatro patas permiten soportar m\u00e1s peso y estabilidad que los bastones de una sola punta.<\/li>\n<li>Las puntas de goma antideslizantes de los cuatro pies garantizan una larga vida \u00fatil.<\/li>\n<li>El dise\u00f1o de base peque\u00f1a permite un ritmo m\u00e1s r\u00e1pido; el dise\u00f1o de base grande da m\u00e1s estabilidad a un ritmo m\u00e1s lento.<\/li>\n<li>Los bastones Quad se sostienen solos.<\/li>\n<\/ul>\n","protected":false},"featured_media":567,"comment_status":"open","ping_status":"closed","template":"","meta":{"rs_blank_template":"","rs_page_bg_color":"","slide_template_v7":""},"product_brand":[],"product_cat":[70],"product_tag":[],"class_list":{"0":"post-1399","1":"product","2":"type-product","3":"status-publish","4":"has-post-thumbnail","6":"product_cat-ayuda-a-la-movilidad","8":"first","9":"instock","10":"shipping-taxable","11":"product-type-simple"},"_links":{"self":[{"href":"https:\/\/vamedicalca.com\/es\/wp-json\/wp\/v2\/product\/1399","targetHints":{"allow":["GET"]}}],"collection":[{"href":"https:\/\/vamedicalca.com\/es\/wp-json\/wp\/v2\/product"}],"about":[{"href":"https:\/\/vamedicalca.com\/es\/wp-json\/wp\/v2\/types\/product"}],"replies":[{"embeddable":true,"href":"https:\/\/vamedicalca.com\/es\/wp-json\/wp\/v2\/comments?post=1399"}],"version-history":[{"count":0,"href":"https:\/\/vamedicalca.com\/es\/wp-json\/wp\/v2\/product\/1399\/revisions"}],"wp:featuredmedia":[{"embeddable":true,"href":"https:\/\/vamedicalca.com\/es\/wp-json\/wp\/v2\/media\/567"}],"wp:attachment":[{"href":"https:\/\/vamedicalca.com\/es\/wp-json\/wp\/v2\/media?parent=1399"}],"wp:term":[{"taxonomy":"product_brand","embeddable":true,"href":"https:\/\/vamedicalca.com\/es\/wp-json\/wp\/v2\/product_brand?post=1399"},{"taxonomy":"product_cat","embeddable":true,"href":"https:\/\/vamedicalca.com\/es\/wp-json\/wp\/v2\/product_cat?post=1399"},{"taxonomy":"product_tag","embeddable":true,"href":"https:\/\/vamedicalca.com\/es\/wp-json\/wp\/v2\/product_tag?post=1399"}],"curies":[{"name":"wp","href":"https:\/\/api.w.org\/{rel}","templated":true}]}}