{"id":1393,"date":"2023-05-18T17:51:36","date_gmt":"2023-05-18T17:51:36","guid":{"rendered":"https:\/\/vamedicalca.com\/product\/portabastones-viviente-bios\/"},"modified":"2023-08-24T18:57:39","modified_gmt":"2023-08-24T18:57:39","slug":"soporte-para-bastones-biosliving","status":"publish","type":"product","link":"https:\/\/vamedicalca.com\/es\/producto\/soporte-para-bastones-biosliving\/","title":{"rendered":"Soporte de bast\u00f3n Bios living"},"content":{"rendered":"","protected":false},"excerpt":{"rendered":"<p>Fabricado en pl\u00e1stico moldeado sin l\u00e1tex, este compacto porta bastones puede transportarse f\u00e1cilmente para su uso diario.<\/p>\n<p>La almohadilla antideslizante evita el deslizamiento sobre cualquier superficie, mientras que el soporte puede deslizarse hacia arriba o hacia abajo por el eje del bast\u00f3n hasta la posici\u00f3n deseada.<\/p>\n","protected":false},"featured_media":574,"comment_status":"open","ping_status":"closed","template":"","meta":{"rs_blank_template":"","rs_page_bg_color":"","slide_template_v7":""},"product_brand":[],"product_cat":[70],"product_tag":[],"class_list":{"0":"post-1393","1":"product","2":"type-product","3":"status-publish","4":"has-post-thumbnail","6":"product_cat-ayuda-a-la-movilidad","8":"first","9":"instock","10":"shipping-taxable","11":"product-type-simple"},"_links":{"self":[{"href":"https:\/\/vamedicalca.com\/es\/wp-json\/wp\/v2\/product\/1393","targetHints":{"allow":["GET"]}}],"collection":[{"href":"https:\/\/vamedicalca.com\/es\/wp-json\/wp\/v2\/product"}],"about":[{"href":"https:\/\/vamedicalca.com\/es\/wp-json\/wp\/v2\/types\/product"}],"replies":[{"embeddable":true,"href":"https:\/\/vamedicalca.com\/es\/wp-json\/wp\/v2\/comments?post=1393"}],"version-history":[{"count":0,"href":"https:\/\/vamedicalca.com\/es\/wp-json\/wp\/v2\/product\/1393\/revisions"}],"wp:featuredmedia":[{"embeddable":true,"href":"https:\/\/vamedicalca.com\/es\/wp-json\/wp\/v2\/media\/574"}],"wp:attachment":[{"href":"https:\/\/vamedicalca.com\/es\/wp-json\/wp\/v2\/media?parent=1393"}],"wp:term":[{"taxonomy":"product_brand","embeddable":true,"href":"https:\/\/vamedicalca.com\/es\/wp-json\/wp\/v2\/product_brand?post=1393"},{"taxonomy":"product_cat","embeddable":true,"href":"https:\/\/vamedicalca.com\/es\/wp-json\/wp\/v2\/product_cat?post=1393"},{"taxonomy":"product_tag","embeddable":true,"href":"https:\/\/vamedicalca.com\/es\/wp-json\/wp\/v2\/product_tag?post=1393"}],"curies":[{"name":"wp","href":"https:\/\/api.w.org\/{rel}","templated":true}]}}