{"id":1380,"date":"2023-05-18T17:52:23","date_gmt":"2023-05-18T17:52:23","guid":{"rendered":"https:\/\/vamedicalca.com\/product\/cama-pan\/"},"modified":"2023-08-24T18:39:02","modified_gmt":"2023-08-24T18:39:02","slug":"bandeja-orinal-para-cama-biosliving","status":"publish","type":"product","link":"https:\/\/vamedicalca.com\/es\/producto\/bandeja-orinal-para-cama-biosliving\/","title":{"rendered":"Vasenilla para cama"},"content":{"rendered":"","protected":false},"excerpt":{"rendered":"<p>Esta vasenilla es una ayuda \u00fatil para los pacientes encamados. Fabricada en pl\u00e1stico de polietileno ligero y resistente, esta unidad es f\u00e1cil de limpiar y resistente a los olores.<\/p>\n<p>Caracter\u00edsticas:<\/p>\n<ul>\n<li>El dise\u00f1o contorneado evita los derrames<\/li>\n<li>Laterales de f\u00e1cil agarre<\/li>\n<li>Gran capacidad<\/li>\n<\/ul>\n","protected":false},"featured_media":594,"comment_status":"open","ping_status":"closed","template":"","meta":{"rs_blank_template":"","rs_page_bg_color":"","slide_template_v7":""},"product_brand":[],"product_cat":[70],"product_tag":[],"class_list":{"0":"post-1380","1":"product","2":"type-product","3":"status-publish","4":"has-post-thumbnail","6":"product_cat-ayuda-a-la-movilidad","8":"first","9":"instock","10":"shipping-taxable","11":"product-type-simple"},"_links":{"self":[{"href":"https:\/\/vamedicalca.com\/es\/wp-json\/wp\/v2\/product\/1380","targetHints":{"allow":["GET"]}}],"collection":[{"href":"https:\/\/vamedicalca.com\/es\/wp-json\/wp\/v2\/product"}],"about":[{"href":"https:\/\/vamedicalca.com\/es\/wp-json\/wp\/v2\/types\/product"}],"replies":[{"embeddable":true,"href":"https:\/\/vamedicalca.com\/es\/wp-json\/wp\/v2\/comments?post=1380"}],"version-history":[{"count":0,"href":"https:\/\/vamedicalca.com\/es\/wp-json\/wp\/v2\/product\/1380\/revisions"}],"wp:featuredmedia":[{"embeddable":true,"href":"https:\/\/vamedicalca.com\/es\/wp-json\/wp\/v2\/media\/594"}],"wp:attachment":[{"href":"https:\/\/vamedicalca.com\/es\/wp-json\/wp\/v2\/media?parent=1380"}],"wp:term":[{"taxonomy":"product_brand","embeddable":true,"href":"https:\/\/vamedicalca.com\/es\/wp-json\/wp\/v2\/product_brand?post=1380"},{"taxonomy":"product_cat","embeddable":true,"href":"https:\/\/vamedicalca.com\/es\/wp-json\/wp\/v2\/product_cat?post=1380"},{"taxonomy":"product_tag","embeddable":true,"href":"https:\/\/vamedicalca.com\/es\/wp-json\/wp\/v2\/product_tag?post=1380"}],"curies":[{"name":"wp","href":"https:\/\/api.w.org\/{rel}","templated":true}]}}