{"id":1375,"date":"2023-05-18T17:52:23","date_gmt":"2023-05-18T17:52:23","guid":{"rendered":"https:\/\/vamedicalca.com\/product\/terapia-baht-mat\/"},"modified":"2023-08-24T19:01:14","modified_gmt":"2023-08-24T19:01:14","slug":"alfombra-terapeutica-antideslizante-para-banos-biosliving","status":"publish","type":"product","link":"https:\/\/vamedicalca.com\/es\/producto\/alfombra-terapeutica-antideslizante-para-banos-biosliving\/","title":{"rendered":"Alfombra terap\u00e9utica y antideslizante"},"content":{"rendered":"","protected":false},"excerpt":{"rendered":"<p>La alfombrilla de ba\u00f1o Therapy alivia el dolor de pies proporcionando comodidad y relajaci\u00f3n a los pies cansados y doloridos gracias a sus 4 texturas \u00fanicas. Dise\u00f1ada pensando en los productos de asiento para el ba\u00f1o, esta alfombrilla tipo spa cuenta con m\u00e1s de 200 ventosas en la parte inferior que proporcionan un agarre seguro para una m\u00e1xima seguridad.<\/p>\n<p>Esta alfombrilla es \u00fanica y vers\u00e1til, con elegantes bordes biselados que cubren toda la ba\u00f1era y dos orificios de desag\u00fce, uno en cada extremo, para mayor versatilidad y comodidad. Los orificios de drenaje en el centro de la alfombrilla evitan que el agua se acumule en la parte superior y permiten utilizarla en duchas y ba\u00f1eras con desag\u00fces centrales. La alfombrilla de ba\u00f1o Therapy tiene un agente antimicrobiano que mata e impide el crecimiento de bacterias nocivas como hongos y moho. No contiene l\u00e1tex, BPA ni PVC, ni colorantes a\u00f1adidos. Tambi\u00e9n es ligero, duradero y lavable a m\u00e1quina.<\/p>\n<p><strong>Caracter\u00edsticas:<\/strong><\/p>\n<ul>\n<li>Dise\u00f1ado para adaptarse f\u00e1cilmente a los productos de asiento del ba\u00f1o<\/li>\n<li>Fabricado en 100% TPR<\/li>\n<li>4 texturas en 1 alfombrilla : Bolas de presi\u00f3n, Pelda\u00f1os antideslizantes, Parche de burbujas, Fregador.<\/li>\n<li>SIN PVC, BPA NI L\u00c1TEX<\/li>\n<li>Antimicrobiano, no se acumula moho ni bacterias.<\/li>\n<\/ul>\n","protected":false},"featured_media":605,"comment_status":"open","ping_status":"closed","template":"","meta":{"rs_blank_template":"","rs_page_bg_color":"","slide_template_v7":""},"product_brand":[],"product_cat":[70],"product_tag":[],"class_list":{"0":"post-1375","1":"product","2":"type-product","3":"status-publish","4":"has-post-thumbnail","6":"product_cat-ayuda-a-la-movilidad","8":"first","9":"instock","10":"shipping-taxable","11":"product-type-simple"},"_links":{"self":[{"href":"https:\/\/vamedicalca.com\/es\/wp-json\/wp\/v2\/product\/1375","targetHints":{"allow":["GET"]}}],"collection":[{"href":"https:\/\/vamedicalca.com\/es\/wp-json\/wp\/v2\/product"}],"about":[{"href":"https:\/\/vamedicalca.com\/es\/wp-json\/wp\/v2\/types\/product"}],"replies":[{"embeddable":true,"href":"https:\/\/vamedicalca.com\/es\/wp-json\/wp\/v2\/comments?post=1375"}],"version-history":[{"count":0,"href":"https:\/\/vamedicalca.com\/es\/wp-json\/wp\/v2\/product\/1375\/revisions"}],"wp:featuredmedia":[{"embeddable":true,"href":"https:\/\/vamedicalca.com\/es\/wp-json\/wp\/v2\/media\/605"}],"wp:attachment":[{"href":"https:\/\/vamedicalca.com\/es\/wp-json\/wp\/v2\/media?parent=1375"}],"wp:term":[{"taxonomy":"product_brand","embeddable":true,"href":"https:\/\/vamedicalca.com\/es\/wp-json\/wp\/v2\/product_brand?post=1375"},{"taxonomy":"product_cat","embeddable":true,"href":"https:\/\/vamedicalca.com\/es\/wp-json\/wp\/v2\/product_cat?post=1375"},{"taxonomy":"product_tag","embeddable":true,"href":"https:\/\/vamedicalca.com\/es\/wp-json\/wp\/v2\/product_tag?post=1375"}],"curies":[{"name":"wp","href":"https:\/\/api.w.org\/{rel}","templated":true}]}}