{"id":1374,"date":"2023-05-18T17:52:23","date_gmt":"2023-05-18T17:52:23","guid":{"rendered":"https:\/\/vamedicalca.com\/product\/palillo-de-aderezo\/"},"modified":"2023-08-24T17:36:40","modified_gmt":"2023-08-24T17:36:40","slug":"baston-de-vestir-con-calzador-de-zapato-biosliving","status":"publish","type":"product","link":"https:\/\/vamedicalca.com\/es\/producto\/baston-de-vestir-con-calzador-de-zapato-biosliving\/","title":{"rendered":"Bast\u00f3n para vestirse 2 en 1"},"content":{"rendered":"","protected":false},"excerpt":{"rendered":"<p>Este sencillo bast\u00f3n elimina la necesidad de agacharse en posiciones inc\u00f3modas, con un mango grueso de f\u00e1cil agarre y largo alcance y un gancho para empujar y tirar. Este ligero bast\u00f3n vestidor 2 en 1 es ideal para ponerse o quitarse la ropa, recuperar objetos o ponerse los zapatos.<\/p>\n<p>Especificaci\u00f3n:<\/p>\n<ul>\n<li>Longitud: 24&#8243; \/ 61 cm \/ 61 cm<\/li>\n<\/ul>\n","protected":false},"featured_media":601,"comment_status":"open","ping_status":"closed","template":"","meta":{"rs_blank_template":"","rs_page_bg_color":"","slide_template_v7":""},"product_brand":[],"product_cat":[70],"product_tag":[],"class_list":{"0":"post-1374","1":"product","2":"type-product","3":"status-publish","4":"has-post-thumbnail","6":"product_cat-ayuda-a-la-movilidad","8":"first","9":"instock","10":"shipping-taxable","11":"product-type-simple"},"_links":{"self":[{"href":"https:\/\/vamedicalca.com\/es\/wp-json\/wp\/v2\/product\/1374","targetHints":{"allow":["GET"]}}],"collection":[{"href":"https:\/\/vamedicalca.com\/es\/wp-json\/wp\/v2\/product"}],"about":[{"href":"https:\/\/vamedicalca.com\/es\/wp-json\/wp\/v2\/types\/product"}],"replies":[{"embeddable":true,"href":"https:\/\/vamedicalca.com\/es\/wp-json\/wp\/v2\/comments?post=1374"}],"version-history":[{"count":0,"href":"https:\/\/vamedicalca.com\/es\/wp-json\/wp\/v2\/product\/1374\/revisions"}],"wp:featuredmedia":[{"embeddable":true,"href":"https:\/\/vamedicalca.com\/es\/wp-json\/wp\/v2\/media\/601"}],"wp:attachment":[{"href":"https:\/\/vamedicalca.com\/es\/wp-json\/wp\/v2\/media?parent=1374"}],"wp:term":[{"taxonomy":"product_brand","embeddable":true,"href":"https:\/\/vamedicalca.com\/es\/wp-json\/wp\/v2\/product_brand?post=1374"},{"taxonomy":"product_cat","embeddable":true,"href":"https:\/\/vamedicalca.com\/es\/wp-json\/wp\/v2\/product_cat?post=1374"},{"taxonomy":"product_tag","embeddable":true,"href":"https:\/\/vamedicalca.com\/es\/wp-json\/wp\/v2\/product_tag?post=1374"}],"curies":[{"name":"wp","href":"https:\/\/api.w.org\/{rel}","templated":true}]}}