{"id":1367,"date":"2023-05-18T17:47:22","date_gmt":"2023-05-18T17:47:22","guid":{"rendered":"https:\/\/vamedicalca.com\/product\/collarin-cervical-philadelphia-ca-0101\/"},"modified":"2023-08-25T00:15:56","modified_gmt":"2023-08-25T00:15:56","slug":"collar-cervical-philadelphia-ca-0101","status":"publish","type":"product","link":"https:\/\/vamedicalca.com\/es\/producto\/collar-cervical-philadelphia-ca-0101\/","title":{"rendered":"COLLAR CERVICAL (PHILADELPHIA) CA-0101"},"content":{"rendered":"","protected":false},"excerpt":{"rendered":"<ul>\n<li>Para la espondilosis cervical.<\/li>\n<li>Cuidados postoperatorios de la zona cervical.<\/li>\n<li>Fracturas vertebrales cervicales.<\/li>\n<li>Atenci\u00f3n a las quemaduras en la regi\u00f3n cervical.<\/li>\n<li>Rescate o transporte de v\u00edctimas de accidentes.<\/li>\n<li>Otras afecciones ortop\u00e9dicas o neurol\u00f3gicas que requieran una inmovilizaci\u00f3n r\u00edgida de la regi\u00f3n cervical.<\/li>\n<\/ul>\n<p>Talla: S, M, L, XL<\/p>\n","protected":false},"featured_media":680,"comment_status":"open","ping_status":"closed","template":"","meta":{"rs_blank_template":"","rs_page_bg_color":"","slide_template_v7":""},"product_brand":[],"product_cat":[56,69],"product_tag":[],"class_list":{"0":"post-1367","1":"product","2":"type-product","3":"status-publish","4":"has-post-thumbnail","6":"product_cat-ortopedia-de-adultos","7":"product_cat-soporte-cervical","9":"first","10":"instock","11":"shipping-taxable","12":"product-type-simple"},"_links":{"self":[{"href":"https:\/\/vamedicalca.com\/es\/wp-json\/wp\/v2\/product\/1367","targetHints":{"allow":["GET"]}}],"collection":[{"href":"https:\/\/vamedicalca.com\/es\/wp-json\/wp\/v2\/product"}],"about":[{"href":"https:\/\/vamedicalca.com\/es\/wp-json\/wp\/v2\/types\/product"}],"replies":[{"embeddable":true,"href":"https:\/\/vamedicalca.com\/es\/wp-json\/wp\/v2\/comments?post=1367"}],"version-history":[{"count":0,"href":"https:\/\/vamedicalca.com\/es\/wp-json\/wp\/v2\/product\/1367\/revisions"}],"wp:featuredmedia":[{"embeddable":true,"href":"https:\/\/vamedicalca.com\/es\/wp-json\/wp\/v2\/media\/680"}],"wp:attachment":[{"href":"https:\/\/vamedicalca.com\/es\/wp-json\/wp\/v2\/media?parent=1367"}],"wp:term":[{"taxonomy":"product_brand","embeddable":true,"href":"https:\/\/vamedicalca.com\/es\/wp-json\/wp\/v2\/product_brand?post=1367"},{"taxonomy":"product_cat","embeddable":true,"href":"https:\/\/vamedicalca.com\/es\/wp-json\/wp\/v2\/product_cat?post=1367"},{"taxonomy":"product_tag","embeddable":true,"href":"https:\/\/vamedicalca.com\/es\/wp-json\/wp\/v2\/product_tag?post=1367"}],"curies":[{"name":"wp","href":"https:\/\/api.w.org\/{rel}","templated":true}]}}