{"id":1363,"date":"2023-05-24T20:34:20","date_gmt":"2023-05-24T20:34:20","guid":{"rendered":"https:\/\/vamedicalca.com\/product\/almohada-cervical-redonda-ca-0105\/"},"modified":"2023-05-24T20:34:20","modified_gmt":"2023-05-24T20:34:20","slug":"almohada-cervical-redonda-ca-0105","status":"publish","type":"product","link":"https:\/\/vamedicalca.com\/es\/producto\/almohada-cervical-redonda-ca-0105\/","title":{"rendered":"ALMOHADA CERVICAL REDONDA CA-0105"},"content":{"rendered":"","protected":false},"excerpt":{"rendered":"<ul>\n<li>Almohada cervical redonda para pacientes con espondilitis cervical.<\/li>\n<li>Firme y resistente pero suave y confortable, ofrece el m\u00e1ximo confort.<\/li>\n<li>Proporciona una recuperaci\u00f3n m\u00e1s r\u00e1pida a los pacientes que sufren espondilosis cervical.<\/li>\n<li>Para sostener el cuello y relajar los m\u00fasculos y ligamentos del cuello.<\/li>\n<li>Para la columna cervical, en casos de lumbalgia y cardi\u00f3patas.<\/li>\n<\/ul>\n<p>&nbsp;<\/p>\n<p>Talla: UNIVERSAL<\/p>\n","protected":false},"featured_media":667,"comment_status":"open","ping_status":"closed","template":"","meta":{"rs_blank_template":"","rs_page_bg_color":"","slide_template_v7":""},"product_brand":[],"product_cat":[56,69],"product_tag":[],"class_list":{"0":"post-1363","1":"product","2":"type-product","3":"status-publish","4":"has-post-thumbnail","6":"product_cat-ortopedia-de-adultos","7":"product_cat-soporte-cervical","9":"first","10":"instock","11":"shipping-taxable","12":"product-type-simple"},"_links":{"self":[{"href":"https:\/\/vamedicalca.com\/es\/wp-json\/wp\/v2\/product\/1363","targetHints":{"allow":["GET"]}}],"collection":[{"href":"https:\/\/vamedicalca.com\/es\/wp-json\/wp\/v2\/product"}],"about":[{"href":"https:\/\/vamedicalca.com\/es\/wp-json\/wp\/v2\/types\/product"}],"replies":[{"embeddable":true,"href":"https:\/\/vamedicalca.com\/es\/wp-json\/wp\/v2\/comments?post=1363"}],"version-history":[{"count":0,"href":"https:\/\/vamedicalca.com\/es\/wp-json\/wp\/v2\/product\/1363\/revisions"}],"wp:featuredmedia":[{"embeddable":true,"href":"https:\/\/vamedicalca.com\/es\/wp-json\/wp\/v2\/media\/667"}],"wp:attachment":[{"href":"https:\/\/vamedicalca.com\/es\/wp-json\/wp\/v2\/media?parent=1363"}],"wp:term":[{"taxonomy":"product_brand","embeddable":true,"href":"https:\/\/vamedicalca.com\/es\/wp-json\/wp\/v2\/product_brand?post=1363"},{"taxonomy":"product_cat","embeddable":true,"href":"https:\/\/vamedicalca.com\/es\/wp-json\/wp\/v2\/product_cat?post=1363"},{"taxonomy":"product_tag","embeddable":true,"href":"https:\/\/vamedicalca.com\/es\/wp-json\/wp\/v2\/product_tag?post=1363"}],"curies":[{"name":"wp","href":"https:\/\/api.w.org\/{rel}","templated":true}]}}