{"id":1362,"date":"2023-05-24T20:35:37","date_gmt":"2023-05-24T20:35:37","guid":{"rendered":"https:\/\/vamedicalca.com\/product\/almohada-cervical-normal-ca-0106\/"},"modified":"2023-07-26T22:32:49","modified_gmt":"2023-07-26T22:32:49","slug":"almohada-cervical-regular-ca-0106","status":"publish","type":"product","link":"https:\/\/vamedicalca.com\/es\/producto\/almohada-cervical-regular-ca-0106\/","title":{"rendered":"ALMOHADA CERVICAL (NORMAL) CA-0106"},"content":{"rendered":"","protected":false},"excerpt":{"rendered":"<ul>\n<li><span style=\"font-weight: 400;\">La Almohada Cervical Regular est\u00e1 dise\u00f1ada para mantener el cuello en la posici\u00f3n de ligera hiperextensi\u00f3n durante la noche para contrarrestar el estr\u00e9s y la tensi\u00f3n del d\u00eda, cuando tendemos a mantener el cuello en la posici\u00f3n opuesta de \u00abflexi\u00f3n\u00bb.<\/span><\/li>\n<li><span style=\"font-weight: 400;\">Cura los problemas cervicales mientras duermes.<\/span><\/li>\n<li><span style=\"font-weight: 400;\">Densidad \u00f3ptima de la espuma Suave y acolchada, m\u00e1s comodidad, buena elasticidad.<\/span><\/li>\n<li><span style=\"font-weight: 400;\">Sujeci\u00f3n eficaz del cuello.<\/span><\/li>\n<li><span style=\"font-weight: 400;\">El dise\u00f1o cient\u00edfico mantiene el cuello en ligera hiperextensi\u00f3n.<\/span><\/li>\n<li><span style=\"font-weight: 400;\">Proporciona relajaci\u00f3n muscular y apoyo adecuado al cuello.<\/span><\/li>\n<\/ul>\n<p><span style=\"font-weight: 400;\">Talla: UNIVERSAL<\/span><\/p>\n<ul>\n<li style=\"list-style-type: none;\">\n<\/li>\n<\/ul>\n","protected":false},"featured_media":670,"comment_status":"open","ping_status":"closed","template":"","meta":{"rs_blank_template":"","rs_page_bg_color":"","slide_template_v7":""},"product_brand":[],"product_cat":[56,69],"product_tag":[],"class_list":{"0":"post-1362","1":"product","2":"type-product","3":"status-publish","4":"has-post-thumbnail","6":"product_cat-ortopedia-de-adultos","7":"product_cat-soporte-cervical","9":"first","10":"instock","11":"shipping-taxable","12":"product-type-simple"},"_links":{"self":[{"href":"https:\/\/vamedicalca.com\/es\/wp-json\/wp\/v2\/product\/1362","targetHints":{"allow":["GET"]}}],"collection":[{"href":"https:\/\/vamedicalca.com\/es\/wp-json\/wp\/v2\/product"}],"about":[{"href":"https:\/\/vamedicalca.com\/es\/wp-json\/wp\/v2\/types\/product"}],"replies":[{"embeddable":true,"href":"https:\/\/vamedicalca.com\/es\/wp-json\/wp\/v2\/comments?post=1362"}],"version-history":[{"count":0,"href":"https:\/\/vamedicalca.com\/es\/wp-json\/wp\/v2\/product\/1362\/revisions"}],"wp:featuredmedia":[{"embeddable":true,"href":"https:\/\/vamedicalca.com\/es\/wp-json\/wp\/v2\/media\/670"}],"wp:attachment":[{"href":"https:\/\/vamedicalca.com\/es\/wp-json\/wp\/v2\/media?parent=1362"}],"wp:term":[{"taxonomy":"product_brand","embeddable":true,"href":"https:\/\/vamedicalca.com\/es\/wp-json\/wp\/v2\/product_brand?post=1362"},{"taxonomy":"product_cat","embeddable":true,"href":"https:\/\/vamedicalca.com\/es\/wp-json\/wp\/v2\/product_cat?post=1362"},{"taxonomy":"product_tag","embeddable":true,"href":"https:\/\/vamedicalca.com\/es\/wp-json\/wp\/v2\/product_tag?post=1362"}],"curies":[{"name":"wp","href":"https:\/\/api.w.org\/{rel}","templated":true}]}}