{"id":1361,"date":"2023-05-24T20:36:41","date_gmt":"2023-05-24T20:36:41","guid":{"rendered":"https:\/\/vamedicalca.com\/product\/almohada-cervical-contorneada-ca-0107\/"},"modified":"2023-07-26T22:15:40","modified_gmt":"2023-07-26T22:15:40","slug":"almohada-cervical-contorneada-ca-0107","status":"publish","type":"product","link":"https:\/\/vamedicalca.com\/es\/producto\/almohada-cervical-contorneada-ca-0107\/","title":{"rendered":"ALMOHADA CERVICAL CONTORNEADA CA-0107"},"content":{"rendered":"","protected":false},"excerpt":{"rendered":"<ul>\n<li style=\"font-weight: 400;\" aria-level=\"1\"><span style=\"font-weight: 400;\">La Almohada Cervical Contoured est\u00e1 dise\u00f1ada para mantener el cuello en posici\u00f3n de ligera hiperextensi\u00f3n durante la noche para contrarrestar la tensi\u00f3n muscular generada durante el d\u00eda, cuando tendemos a mantener el cuello en posici\u00f3n de flexi\u00f3n. <\/span><\/li>\n<li style=\"font-weight: 400;\" aria-level=\"1\"><span style=\"font-weight: 400;\">Cura los problemas cervicales mientras duermes.<\/span><\/li>\n<li style=\"font-weight: 400;\" aria-level=\"1\"><span style=\"font-weight: 400;\">La tensi\u00f3n cervical, los dolores y la rigidez se reducen, el dise\u00f1o cient\u00edfico ayuda a curar los problemas cervicales mientras se duerme. <\/span><\/li>\n<li style=\"font-weight: 400;\" aria-level=\"1\"><span style=\"font-weight: 400;\">Dise\u00f1ada ergon\u00f3micamente, la almohada es extremadamente c\u00f3moda con contornos muy suaves, tiene dos alturas diferentes en dos lados distintos para adaptarse a cuellos cortos y largos.<\/span><\/li>\n<\/ul>\n<p><span style=\"font-weight: 400;\"> Talla: UNIVERSAL<\/span><\/p>\n","protected":false},"featured_media":673,"comment_status":"open","ping_status":"closed","template":"","meta":{"rs_blank_template":"","rs_page_bg_color":"","slide_template_v7":""},"product_brand":[],"product_cat":[56,69],"product_tag":[],"class_list":{"0":"post-1361","1":"product","2":"type-product","3":"status-publish","4":"has-post-thumbnail","6":"product_cat-ortopedia-de-adultos","7":"product_cat-soporte-cervical","9":"first","10":"instock","11":"shipping-taxable","12":"product-type-simple"},"_links":{"self":[{"href":"https:\/\/vamedicalca.com\/es\/wp-json\/wp\/v2\/product\/1361","targetHints":{"allow":["GET"]}}],"collection":[{"href":"https:\/\/vamedicalca.com\/es\/wp-json\/wp\/v2\/product"}],"about":[{"href":"https:\/\/vamedicalca.com\/es\/wp-json\/wp\/v2\/types\/product"}],"replies":[{"embeddable":true,"href":"https:\/\/vamedicalca.com\/es\/wp-json\/wp\/v2\/comments?post=1361"}],"version-history":[{"count":0,"href":"https:\/\/vamedicalca.com\/es\/wp-json\/wp\/v2\/product\/1361\/revisions"}],"wp:featuredmedia":[{"embeddable":true,"href":"https:\/\/vamedicalca.com\/es\/wp-json\/wp\/v2\/media\/673"}],"wp:attachment":[{"href":"https:\/\/vamedicalca.com\/es\/wp-json\/wp\/v2\/media?parent=1361"}],"wp:term":[{"taxonomy":"product_brand","embeddable":true,"href":"https:\/\/vamedicalca.com\/es\/wp-json\/wp\/v2\/product_brand?post=1361"},{"taxonomy":"product_cat","embeddable":true,"href":"https:\/\/vamedicalca.com\/es\/wp-json\/wp\/v2\/product_cat?post=1361"},{"taxonomy":"product_tag","embeddable":true,"href":"https:\/\/vamedicalca.com\/es\/wp-json\/wp\/v2\/product_tag?post=1361"}],"curies":[{"name":"wp","href":"https:\/\/api.w.org\/{rel}","templated":true}]}}