{"id":1360,"date":"2023-05-24T20:38:00","date_gmt":"2023-05-24T20:38:00","guid":{"rendered":"https:\/\/vamedicalca.com\/product\/almohada-cervical-de-espuma-viscoelastica-ca-0108\/"},"modified":"2023-05-24T20:38:00","modified_gmt":"2023-05-24T20:38:00","slug":"almohada-cervical-viscoelastica-ca-0108","status":"publish","type":"product","link":"https:\/\/vamedicalca.com\/es\/producto\/almohada-cervical-viscoelastica-ca-0108\/","title":{"rendered":"ALMOHADA CERVICAL DE ESPUMA VISCOEL\u00c1STICA CA-0108"},"content":{"rendered":"","protected":false},"excerpt":{"rendered":"<ul>\n<li>Almohada cervical Memory Foam: est\u00e1 dise\u00f1ada para mantener el cuello en posici\u00f3n ligeramente hiperextendida durante la noche para contrarrestar la tensi\u00f3n muscular generada durante el d\u00eda, donde tendemos a mantener el cuello en posici\u00f3n flexionada.<\/li>\n<li>Alivie los problemas cervicales mientras duerme.<\/li>\n<li>La espuma act\u00faa como un material firme pero suave que sujeta el cuello sin crear tensi\u00f3n ni molestias.<\/li>\n<li>El material utilizado en la almohada distribuye el peso uniformemente proporcionando un sue\u00f1o tranquilo, reduciendo molestias como dolor de cabeza, ronquidos, dolor de cuello, entre otras.<\/li>\n<\/ul>\n<p>&nbsp;<\/p>\n<p>Talla: UNIVERSAL<\/p>\n","protected":false},"featured_media":676,"comment_status":"open","ping_status":"closed","template":"","meta":{"rs_blank_template":"","rs_page_bg_color":"","slide_template_v7":""},"product_brand":[],"product_cat":[56,69],"product_tag":[],"class_list":{"0":"post-1360","1":"product","2":"type-product","3":"status-publish","4":"has-post-thumbnail","6":"product_cat-ortopedia-de-adultos","7":"product_cat-soporte-cervical","9":"first","10":"instock","11":"shipping-taxable","12":"product-type-simple"},"_links":{"self":[{"href":"https:\/\/vamedicalca.com\/es\/wp-json\/wp\/v2\/product\/1360","targetHints":{"allow":["GET"]}}],"collection":[{"href":"https:\/\/vamedicalca.com\/es\/wp-json\/wp\/v2\/product"}],"about":[{"href":"https:\/\/vamedicalca.com\/es\/wp-json\/wp\/v2\/types\/product"}],"replies":[{"embeddable":true,"href":"https:\/\/vamedicalca.com\/es\/wp-json\/wp\/v2\/comments?post=1360"}],"version-history":[{"count":0,"href":"https:\/\/vamedicalca.com\/es\/wp-json\/wp\/v2\/product\/1360\/revisions"}],"wp:featuredmedia":[{"embeddable":true,"href":"https:\/\/vamedicalca.com\/es\/wp-json\/wp\/v2\/media\/676"}],"wp:attachment":[{"href":"https:\/\/vamedicalca.com\/es\/wp-json\/wp\/v2\/media?parent=1360"}],"wp:term":[{"taxonomy":"product_brand","embeddable":true,"href":"https:\/\/vamedicalca.com\/es\/wp-json\/wp\/v2\/product_brand?post=1360"},{"taxonomy":"product_cat","embeddable":true,"href":"https:\/\/vamedicalca.com\/es\/wp-json\/wp\/v2\/product_cat?post=1360"},{"taxonomy":"product_tag","embeddable":true,"href":"https:\/\/vamedicalca.com\/es\/wp-json\/wp\/v2\/product_tag?post=1360"}],"curies":[{"name":"wp","href":"https:\/\/api.w.org\/{rel}","templated":true}]}}