{"id":1358,"date":"2023-05-24T21:14:05","date_gmt":"2023-05-24T21:14:05","guid":{"rendered":"https:\/\/vamedicalca.com\/product\/faja-abdominal-np-3001\/"},"modified":"2023-07-26T22:08:07","modified_gmt":"2023-07-26T22:08:07","slug":"abdominal-binder-np-3001","status":"publish","type":"product","link":"https:\/\/vamedicalca.com\/es\/producto\/abdominal-binder-np-3001\/","title":{"rendered":"FAJA ABDOMINAL NP-3001"},"content":{"rendered":"","protected":false},"excerpt":{"rendered":"<ul>\n<li>Est\u00e1 fabricado con tejido de nailon reforzado con neopreno, que es extensible en cuatro direcciones. Proporciona una compresi\u00f3n \u00f3ptima, m\u00e1s comodidad, buen agarre y mayor durabilidad. Tiene una est\u00e9tica atractiva con buena solidez del color. Retiene el calor corporal para aliviar el dolor y acelerar la curaci\u00f3n.<\/li>\n<li>El dise\u00f1o envolvente y el sistema de cierre UBL facilitan su uso y extracci\u00f3n. Permite una compresi\u00f3n personalizada, un mejor agarre, una mayor flexibilidad en el tallaje y un buen ajuste.<\/li>\n<li>La compresi\u00f3n tonifica los m\u00fasculos abdominales sueltos despu\u00e9s del parto y mejora la cintura.<\/li>\n<\/ul>\n<p>&nbsp;<\/p>\n<p>Talla: EST\u00c1NDAR\/ESPECIAL<\/p>\n","protected":false},"featured_media":683,"comment_status":"open","ping_status":"closed","template":"","meta":{"rs_blank_template":"","rs_page_bg_color":"","slide_template_v7":""},"product_brand":[],"product_cat":[56,67],"product_tag":[],"class_list":{"0":"post-1358","1":"product","2":"type-product","3":"status-publish","4":"has-post-thumbnail","6":"product_cat-ortopedia-de-adultos","7":"product_cat-soportes-abdominales-costales-y-toracicos","9":"first","10":"instock","11":"shipping-taxable","12":"product-type-simple"},"_links":{"self":[{"href":"https:\/\/vamedicalca.com\/es\/wp-json\/wp\/v2\/product\/1358","targetHints":{"allow":["GET"]}}],"collection":[{"href":"https:\/\/vamedicalca.com\/es\/wp-json\/wp\/v2\/product"}],"about":[{"href":"https:\/\/vamedicalca.com\/es\/wp-json\/wp\/v2\/types\/product"}],"replies":[{"embeddable":true,"href":"https:\/\/vamedicalca.com\/es\/wp-json\/wp\/v2\/comments?post=1358"}],"version-history":[{"count":0,"href":"https:\/\/vamedicalca.com\/es\/wp-json\/wp\/v2\/product\/1358\/revisions"}],"wp:featuredmedia":[{"embeddable":true,"href":"https:\/\/vamedicalca.com\/es\/wp-json\/wp\/v2\/media\/683"}],"wp:attachment":[{"href":"https:\/\/vamedicalca.com\/es\/wp-json\/wp\/v2\/media?parent=1358"}],"wp:term":[{"taxonomy":"product_brand","embeddable":true,"href":"https:\/\/vamedicalca.com\/es\/wp-json\/wp\/v2\/product_brand?post=1358"},{"taxonomy":"product_cat","embeddable":true,"href":"https:\/\/vamedicalca.com\/es\/wp-json\/wp\/v2\/product_cat?post=1358"},{"taxonomy":"product_tag","embeddable":true,"href":"https:\/\/vamedicalca.com\/es\/wp-json\/wp\/v2\/product_tag?post=1358"}],"curies":[{"name":"wp","href":"https:\/\/api.w.org\/{rel}","templated":true}]}}