{"id":1357,"date":"2023-05-24T22:59:22","date_gmt":"2023-05-24T22:59:22","guid":{"rendered":"https:\/\/vamedicalca.com\/product\/abrazadera-de-fresno-ab-0204\/"},"modified":"2023-08-25T00:06:33","modified_gmt":"2023-08-25T00:06:33","slug":"ash-brace-ab-0204","status":"publish","type":"product","link":"https:\/\/vamedicalca.com\/es\/producto\/ash-brace-ab-0204\/","title":{"rendered":"SOPORTE DE EXTENSI\u00d3N TOR\u00c1CICA O ASH BRACE AB-0204"},"content":{"rendered":"","protected":false},"excerpt":{"rendered":"<ul>\n<li><span style=\"font-weight: 400;\">Ash Brace est\u00e1 dise\u00f1ado para inmovilizar la columna vertebral y mantenerla en una posici\u00f3n neutra o de ligera hiperextensi\u00f3n.<\/span><\/li>\n<li><span style=\"font-weight: 400;\">Proporciona estabilizaci\u00f3n de la columna vertebral y favorece la lordosis cervical y lumbar, aliviando as\u00ed la presi\u00f3n sobre las partes anteriores de los cuerpos vertebrales.<\/span><\/li>\n<\/ul>\n<p><span style=\"font-weight: 400;\">Talla: EST\u00c1NDAR\/ESPECIAL<\/span><\/p>\n<ul>\n<li style=\"list-style-type: none;\"><\/li>\n<\/ul>\n","protected":false},"featured_media":686,"comment_status":"open","ping_status":"closed","template":"","meta":{"rs_blank_template":"","rs_page_bg_color":"","slide_template_v7":""},"product_brand":[],"product_cat":[56,67],"product_tag":[],"class_list":{"0":"post-1357","1":"product","2":"type-product","3":"status-publish","4":"has-post-thumbnail","6":"product_cat-ortopedia-de-adultos","7":"product_cat-soportes-abdominales-costales-y-toracicos","9":"first","10":"instock","11":"shipping-taxable","12":"product-type-simple"},"_links":{"self":[{"href":"https:\/\/vamedicalca.com\/es\/wp-json\/wp\/v2\/product\/1357","targetHints":{"allow":["GET"]}}],"collection":[{"href":"https:\/\/vamedicalca.com\/es\/wp-json\/wp\/v2\/product"}],"about":[{"href":"https:\/\/vamedicalca.com\/es\/wp-json\/wp\/v2\/types\/product"}],"replies":[{"embeddable":true,"href":"https:\/\/vamedicalca.com\/es\/wp-json\/wp\/v2\/comments?post=1357"}],"version-history":[{"count":0,"href":"https:\/\/vamedicalca.com\/es\/wp-json\/wp\/v2\/product\/1357\/revisions"}],"wp:featuredmedia":[{"embeddable":true,"href":"https:\/\/vamedicalca.com\/es\/wp-json\/wp\/v2\/media\/686"}],"wp:attachment":[{"href":"https:\/\/vamedicalca.com\/es\/wp-json\/wp\/v2\/media?parent=1357"}],"wp:term":[{"taxonomy":"product_brand","embeddable":true,"href":"https:\/\/vamedicalca.com\/es\/wp-json\/wp\/v2\/product_brand?post=1357"},{"taxonomy":"product_cat","embeddable":true,"href":"https:\/\/vamedicalca.com\/es\/wp-json\/wp\/v2\/product_cat?post=1357"},{"taxonomy":"product_tag","embeddable":true,"href":"https:\/\/vamedicalca.com\/es\/wp-json\/wp\/v2\/product_tag?post=1357"}],"curies":[{"name":"wp","href":"https:\/\/api.w.org\/{rel}","templated":true}]}}