{"id":1352,"date":"2023-05-24T23:27:21","date_gmt":"2023-05-24T23:27:21","guid":{"rendered":"https:\/\/vamedicalca.com\/product\/coset-de-caderas-mini-moldeador-ab-0211\/"},"modified":"2023-08-25T00:36:37","modified_gmt":"2023-08-25T00:36:37","slug":"hip-coset-mini-shaper-ab-0211","status":"publish","type":"product","link":"https:\/\/vamedicalca.com\/es\/producto\/hip-coset-mini-shaper-ab-0211\/","title":{"rendered":"FAJA DE CADERAS (MINI MOLDEADOR) AB-0211"},"content":{"rendered":"","protected":false},"excerpt":{"rendered":"<p>&#8211; Ajuste ligero para una mejor movilidad<br \/>\n&#8211; Producto respetuoso con la piel<br \/>\n&#8211; Antial\u00e9rgico<br \/>\n&#8211; Prenda de compresi\u00f3n que sujeta los m\u00fasculos abdominales d\u00e9biles.<br \/>\n&#8211; Medidas reductoras.<br \/>\n&#8211; Ayuda a mejorar el tono muscular y a ganar fuerza en la zona abdominal.<br \/>\n&#8211; La presi\u00f3n ejercida por la faja ayuda a mejorar el funcionamiento de la circulaci\u00f3n linf\u00e1tica y venosa, reduciendo y minimizando la acumulaci\u00f3n de material extracelular e intercelular o el exceso de grasa.<br \/>\nTalla: S, M, L, XL, XXL, 3XL, 4XL<\/p>\n","protected":false},"featured_media":703,"comment_status":"open","ping_status":"closed","template":"","meta":{"rs_blank_template":"","rs_page_bg_color":"","slide_template_v7":""},"product_brand":[],"product_cat":[56,67],"product_tag":[],"class_list":{"0":"post-1352","1":"product","2":"type-product","3":"status-publish","4":"has-post-thumbnail","6":"product_cat-ortopedia-de-adultos","7":"product_cat-soportes-abdominales-costales-y-toracicos","9":"first","10":"instock","11":"shipping-taxable","12":"product-type-simple"},"_links":{"self":[{"href":"https:\/\/vamedicalca.com\/es\/wp-json\/wp\/v2\/product\/1352","targetHints":{"allow":["GET"]}}],"collection":[{"href":"https:\/\/vamedicalca.com\/es\/wp-json\/wp\/v2\/product"}],"about":[{"href":"https:\/\/vamedicalca.com\/es\/wp-json\/wp\/v2\/types\/product"}],"replies":[{"embeddable":true,"href":"https:\/\/vamedicalca.com\/es\/wp-json\/wp\/v2\/comments?post=1352"}],"version-history":[{"count":0,"href":"https:\/\/vamedicalca.com\/es\/wp-json\/wp\/v2\/product\/1352\/revisions"}],"wp:featuredmedia":[{"embeddable":true,"href":"https:\/\/vamedicalca.com\/es\/wp-json\/wp\/v2\/media\/703"}],"wp:attachment":[{"href":"https:\/\/vamedicalca.com\/es\/wp-json\/wp\/v2\/media?parent=1352"}],"wp:term":[{"taxonomy":"product_brand","embeddable":true,"href":"https:\/\/vamedicalca.com\/es\/wp-json\/wp\/v2\/product_brand?post=1352"},{"taxonomy":"product_cat","embeddable":true,"href":"https:\/\/vamedicalca.com\/es\/wp-json\/wp\/v2\/product_cat?post=1352"},{"taxonomy":"product_tag","embeddable":true,"href":"https:\/\/vamedicalca.com\/es\/wp-json\/wp\/v2\/product_tag?post=1352"}],"curies":[{"name":"wp","href":"https:\/\/api.w.org\/{rel}","templated":true}]}}