{"id":1351,"date":"2023-05-24T23:36:19","date_gmt":"2023-05-24T23:36:19","guid":{"rendered":"https:\/\/vamedicalca.com\/product\/corse-para-muslos-smart-shaper-ab-0212\/"},"modified":"2023-08-25T00:38:42","modified_gmt":"2023-08-25T00:38:42","slug":"corse-espalda-ab-0212","status":"publish","type":"product","link":"https:\/\/vamedicalca.com\/es\/producto\/corse-espalda-ab-0212\/","title":{"rendered":"FAJA DE CADERA (SMART MOLDEADORA) AB-0212"},"content":{"rendered":"","protected":false},"excerpt":{"rendered":"<ul>\n<li>Prenda de compresi\u00f3n para m\u00fasculos abdominales y de la cadera d\u00e9biles.<\/li>\n<li>Reduce r\u00e1pidamente el tama\u00f1o.<\/li>\n<li>Ayuda a mejorar el tono y ganar fuerza en los m\u00fasculos.<\/li>\n<li>La compresi\u00f3n que proporciona mejora el funcionamiento de la circulaci\u00f3n linf\u00e1tica y venosa, reduciendo y minimizando la acumulaci\u00f3n de material extracelular e intercelular y el exceso de grasa.<\/li>\n<\/ul>\n<p>Talla: S, M, L, XL, XXL, 3XL, 4XL<\/p>\n","protected":false},"featured_media":706,"comment_status":"open","ping_status":"closed","template":"","meta":{"rs_blank_template":"","rs_page_bg_color":"","slide_template_v7":""},"product_brand":[],"product_cat":[56,67],"product_tag":[],"class_list":{"0":"post-1351","1":"product","2":"type-product","3":"status-publish","4":"has-post-thumbnail","6":"product_cat-ortopedia-de-adultos","7":"product_cat-soportes-abdominales-costales-y-toracicos","9":"first","10":"instock","11":"shipping-taxable","12":"product-type-simple"},"_links":{"self":[{"href":"https:\/\/vamedicalca.com\/es\/wp-json\/wp\/v2\/product\/1351","targetHints":{"allow":["GET"]}}],"collection":[{"href":"https:\/\/vamedicalca.com\/es\/wp-json\/wp\/v2\/product"}],"about":[{"href":"https:\/\/vamedicalca.com\/es\/wp-json\/wp\/v2\/types\/product"}],"replies":[{"embeddable":true,"href":"https:\/\/vamedicalca.com\/es\/wp-json\/wp\/v2\/comments?post=1351"}],"version-history":[{"count":0,"href":"https:\/\/vamedicalca.com\/es\/wp-json\/wp\/v2\/product\/1351\/revisions"}],"wp:featuredmedia":[{"embeddable":true,"href":"https:\/\/vamedicalca.com\/es\/wp-json\/wp\/v2\/media\/706"}],"wp:attachment":[{"href":"https:\/\/vamedicalca.com\/es\/wp-json\/wp\/v2\/media?parent=1351"}],"wp:term":[{"taxonomy":"product_brand","embeddable":true,"href":"https:\/\/vamedicalca.com\/es\/wp-json\/wp\/v2\/product_brand?post=1351"},{"taxonomy":"product_cat","embeddable":true,"href":"https:\/\/vamedicalca.com\/es\/wp-json\/wp\/v2\/product_cat?post=1351"},{"taxonomy":"product_tag","embeddable":true,"href":"https:\/\/vamedicalca.com\/es\/wp-json\/wp\/v2\/product_tag?post=1351"}],"curies":[{"name":"wp","href":"https:\/\/api.w.org\/{rel}","templated":true}]}}