{"id":1349,"date":"2023-05-24T23:45:41","date_gmt":"2023-05-24T23:45:41","guid":{"rendered":"https:\/\/vamedicalca.com\/product\/carpeta-de-pecho-rb-0303\/"},"modified":"2023-08-25T00:13:27","modified_gmt":"2023-08-25T00:13:27","slug":"cofre-carpeta-rb-0303","status":"publish","type":"product","link":"https:\/\/vamedicalca.com\/es\/producto\/cofre-carpeta-rb-0303\/","title":{"rendered":"FAJA TOR\u00c1CICA RB-0303"},"content":{"rendered":"","protected":false},"excerpt":{"rendered":"<ul>\n<li>Para uso despu\u00e9s de cirug\u00edas cardiotor\u00e1cicas (Reduce el dolor al respirar profundamente, toser o estornudar durante la recuperaci\u00f3n).<\/li>\n<li>Protege y une las incisiones quir\u00fargicas del t\u00f3rax.<\/li>\n<li>Facilita el proceso de expulsi\u00f3n de la flema de los pulmones tras una intervenci\u00f3n quir\u00fargica.<\/li>\n<li>Estabilizaci\u00f3n en las facturas del estern\u00f3n.<\/li>\n<\/ul>\n<p>Talla: S, M, L, XL, XXL, 3XL, 4XL<\/p>\n","protected":false},"featured_media":712,"comment_status":"open","ping_status":"closed","template":"","meta":{"rs_blank_template":"","rs_page_bg_color":"","slide_template_v7":""},"product_brand":[],"product_cat":[56,67],"product_tag":[],"class_list":{"0":"post-1349","1":"product","2":"type-product","3":"status-publish","4":"has-post-thumbnail","6":"product_cat-ortopedia-de-adultos","7":"product_cat-soportes-abdominales-costales-y-toracicos","9":"first","10":"instock","11":"shipping-taxable","12":"product-type-simple"},"_links":{"self":[{"href":"https:\/\/vamedicalca.com\/es\/wp-json\/wp\/v2\/product\/1349","targetHints":{"allow":["GET"]}}],"collection":[{"href":"https:\/\/vamedicalca.com\/es\/wp-json\/wp\/v2\/product"}],"about":[{"href":"https:\/\/vamedicalca.com\/es\/wp-json\/wp\/v2\/types\/product"}],"replies":[{"embeddable":true,"href":"https:\/\/vamedicalca.com\/es\/wp-json\/wp\/v2\/comments?post=1349"}],"version-history":[{"count":0,"href":"https:\/\/vamedicalca.com\/es\/wp-json\/wp\/v2\/product\/1349\/revisions"}],"wp:featuredmedia":[{"embeddable":true,"href":"https:\/\/vamedicalca.com\/es\/wp-json\/wp\/v2\/media\/712"}],"wp:attachment":[{"href":"https:\/\/vamedicalca.com\/es\/wp-json\/wp\/v2\/media?parent=1349"}],"wp:term":[{"taxonomy":"product_brand","embeddable":true,"href":"https:\/\/vamedicalca.com\/es\/wp-json\/wp\/v2\/product_brand?post=1349"},{"taxonomy":"product_cat","embeddable":true,"href":"https:\/\/vamedicalca.com\/es\/wp-json\/wp\/v2\/product_cat?post=1349"},{"taxonomy":"product_tag","embeddable":true,"href":"https:\/\/vamedicalca.com\/es\/wp-json\/wp\/v2\/product_tag?post=1349"}],"curies":[{"name":"wp","href":"https:\/\/api.w.org\/{rel}","templated":true}]}}