{"id":1347,"date":"2023-05-24T23:57:07","date_gmt":"2023-05-24T23:57:07","guid":{"rendered":"https:\/\/vamedicalca.com\/product\/soporte-lumbo-sacro-contorneado-eco-ls-0402\/"},"modified":"2023-07-26T21:04:36","modified_gmt":"2023-07-26T21:04:36","slug":"contorneado-lumbo-soporte-sacro-eco-ls-0402","status":"publish","type":"product","link":"https:\/\/vamedicalca.com\/es\/producto\/contorneado-lumbo-soporte-sacro-eco-ls-0402\/","title":{"rendered":"SOPORTE LUMBO SACRO CONTORNEADO ECO LS-0402"},"content":{"rendered":"<ul>\n<li>Las f\u00e9rulas r\u00edgidas de contorno anat\u00f3mico mantienen la curvatura natural de la zona lumbar, alivian el dolor debido a tensiones mec\u00e1nicas, eliminan la fatiga postural y garantizan un fuerte refuerzo de la espalda para una inmovilizaci\u00f3n perfecta.<\/li>\n<li>Las f\u00e9rulas de aluminio son maleables y personalizables, ofrecen una f\u00e9rula resistente y un soporte preciso para la inmovilizaci\u00f3n en posici\u00f3n neutra.<\/li>\n<li>El mecanismo de doble tracci\u00f3n garantiza un ajuste seguro y una mejor inmovilizaci\u00f3n.<\/li>\n<li>El respaldo de espuma Ethafoam ofrece una gran amortiguaci\u00f3n incluso en secciones finas. Proporciona un mayor confort, sin comprometer la inmovilizaci\u00f3n.<\/li>\n<li>El gran panel de bucle de gancho permite una compresi\u00f3n controlada, flexibilidad de tallaje y facilidad de colocaci\u00f3n y retirada del cintur\u00f3n.<\/li>\n<li>Muy recomendable cuando se requiere un alto grado de inmovilizaci\u00f3n y una postura precisa.<\/li>\n<\/ul>\n<p>&nbsp;<\/p>\n<p>Talla: S, M, L, XL, XXL, 3XL, 4XL<\/p>\n","protected":false},"excerpt":{"rendered":"<ul>\n<li><span style=\"font-weight: 400;\">Las f\u00e9rulas r\u00edgidas de contorno anat\u00f3mico mantienen la curvatura natural de la zona lumbar, alivian el dolor debido a tensiones mec\u00e1nicas, eliminan la fatiga postural y garantizan un fuerte refuerzo de la espalda para una inmovilizaci\u00f3n perfecta.<\/span><\/li>\n<li><span style=\"font-weight: 400;\">Las f\u00e9rulas de aluminio son maleables y personalizables, ofrecen una f\u00e9rula resistente y un soporte preciso para la inmovilizaci\u00f3n en posici\u00f3n neutra.<\/span><\/li>\n<li><span style=\"font-weight: 400;\">El mecanismo de doble tracci\u00f3n garantiza un ajuste seguro y una mejor inmovilizaci\u00f3n.<\/span><\/li>\n<li><span style=\"font-weight: 400;\">El respaldo de espuma Ethafoam ofrece una gran amortiguaci\u00f3n incluso en secciones finas. Proporciona un mayor confort, sin comprometer la inmovilizaci\u00f3n.<\/span><\/li>\n<li><span style=\"font-weight: 400;\">El gran panel de bucle de gancho permite una compresi\u00f3n controlada, flexibilidad de tallaje y facilidad de colocaci\u00f3n y retirada del cintur\u00f3n.<\/span><\/li>\n<li><span style=\"font-weight: 400;\">Muy recomendable cuando se requiere un alto grado de inmovilizaci\u00f3n y una postura precisa.<\/span><\/li>\n<\/ul>\n<p><span style=\"font-weight: 400;\">Talla: S, M, L, XL, XXL, 3XL, 4XL<\/span><\/p>\n<ul>\n<li style=\"list-style-type: none;\">\n<\/li>\n<\/ul>\n","protected":false},"featured_media":718,"comment_status":"open","ping_status":"closed","template":"","meta":{"rs_blank_template":"","rs_page_bg_color":"","slide_template_v7":""},"product_brand":[],"product_cat":[56,68],"product_tag":[],"class_list":{"0":"post-1347","1":"product","2":"type-product","3":"status-publish","4":"has-post-thumbnail","6":"product_cat-ortopedia-de-adultos","7":"product_cat-soportes-lumbo","9":"first","10":"instock","11":"shipping-taxable","12":"product-type-simple"},"_links":{"self":[{"href":"https:\/\/vamedicalca.com\/es\/wp-json\/wp\/v2\/product\/1347","targetHints":{"allow":["GET"]}}],"collection":[{"href":"https:\/\/vamedicalca.com\/es\/wp-json\/wp\/v2\/product"}],"about":[{"href":"https:\/\/vamedicalca.com\/es\/wp-json\/wp\/v2\/types\/product"}],"replies":[{"embeddable":true,"href":"https:\/\/vamedicalca.com\/es\/wp-json\/wp\/v2\/comments?post=1347"}],"version-history":[{"count":0,"href":"https:\/\/vamedicalca.com\/es\/wp-json\/wp\/v2\/product\/1347\/revisions"}],"wp:featuredmedia":[{"embeddable":true,"href":"https:\/\/vamedicalca.com\/es\/wp-json\/wp\/v2\/media\/718"}],"wp:attachment":[{"href":"https:\/\/vamedicalca.com\/es\/wp-json\/wp\/v2\/media?parent=1347"}],"wp:term":[{"taxonomy":"product_brand","embeddable":true,"href":"https:\/\/vamedicalca.com\/es\/wp-json\/wp\/v2\/product_brand?post=1347"},{"taxonomy":"product_cat","embeddable":true,"href":"https:\/\/vamedicalca.com\/es\/wp-json\/wp\/v2\/product_cat?post=1347"},{"taxonomy":"product_tag","embeddable":true,"href":"https:\/\/vamedicalca.com\/es\/wp-json\/wp\/v2\/product_tag?post=1347"}],"curies":[{"name":"wp","href":"https:\/\/api.w.org\/{rel}","templated":true}]}}