{"id":1344,"date":"2023-05-25T00:07:39","date_gmt":"2023-05-25T00:07:39","guid":{"rendered":"https:\/\/vamedicalca.com\/product\/cinturon-sacro-lumbar-doble-soporte-ls-0406\/"},"modified":"2023-07-26T20:53:41","modified_gmt":"2023-07-26T20:53:41","slug":"cinturon-lumbo-sacro-doble-soporte-ls-0406","status":"publish","type":"product","link":"https:\/\/vamedicalca.com\/es\/producto\/cinturon-lumbo-sacro-doble-soporte-ls-0406\/","title":{"rendered":"CINTUR\u00d3N SACRO LUMBAR (DOBLE SOPORTE) LS-0406"},"content":{"rendered":"","protected":false},"excerpt":{"rendered":"<ul>\n<li><span style=\"font-weight: 400;\">Ligero.<\/span><\/li>\n<li><span style=\"font-weight: 400;\">Est\u00e9ticamente agradable.<\/span><\/li>\n<li><span style=\"font-weight: 400;\">Las f\u00e9rulas anat\u00f3micas, preformadas y semirr\u00edgidas garantizan un ajuste perfecto, una mejor inmovilizaci\u00f3n y una mayor comodidad.<\/span><\/li>\n<li><span style=\"font-weight: 400;\">Alivia la tensi\u00f3n muscular debida a malas posturas.<\/span><\/li>\n<li><span style=\"font-weight: 400;\">El tejido espaciador en el dorso mejora la amortiguaci\u00f3n incluso en secciones transversales finas, permitiendo una acci\u00f3n de entablillado eficaz, debido a la proximidad al cuerpo.<\/span><\/li>\n<li><span style=\"font-weight: 400;\">El mecanismo el\u00e1stico de doble tracci\u00f3n proporciona una compresi\u00f3n adicional para una acci\u00f3n de entablillado eficaz y un agarre firme.<\/span><\/li>\n<li><span style=\"font-weight: 400;\">La ancha banda de cierre garantiza una f\u00e1cil colocaci\u00f3n\/uso y una mayor flexibilidad en el ajuste de la talla.<\/span><\/li>\n<\/ul>\n<p><span style=\"font-weight: 400;\">Talla: S, M, L, XL, XXL, 3XL, 4XL<\/span><\/p>\n<ul>\n<li style=\"list-style-type: none;\">\n<\/li>\n<\/ul>\n","protected":false},"featured_media":727,"comment_status":"open","ping_status":"closed","template":"","meta":{"rs_blank_template":"","rs_page_bg_color":"","slide_template_v7":""},"product_brand":[],"product_cat":[56,68],"product_tag":[],"class_list":{"0":"post-1344","1":"product","2":"type-product","3":"status-publish","4":"has-post-thumbnail","6":"product_cat-ortopedia-de-adultos","7":"product_cat-soportes-lumbo","9":"first","10":"instock","11":"shipping-taxable","12":"product-type-simple"},"_links":{"self":[{"href":"https:\/\/vamedicalca.com\/es\/wp-json\/wp\/v2\/product\/1344","targetHints":{"allow":["GET"]}}],"collection":[{"href":"https:\/\/vamedicalca.com\/es\/wp-json\/wp\/v2\/product"}],"about":[{"href":"https:\/\/vamedicalca.com\/es\/wp-json\/wp\/v2\/types\/product"}],"replies":[{"embeddable":true,"href":"https:\/\/vamedicalca.com\/es\/wp-json\/wp\/v2\/comments?post=1344"}],"version-history":[{"count":0,"href":"https:\/\/vamedicalca.com\/es\/wp-json\/wp\/v2\/product\/1344\/revisions"}],"wp:featuredmedia":[{"embeddable":true,"href":"https:\/\/vamedicalca.com\/es\/wp-json\/wp\/v2\/media\/727"}],"wp:attachment":[{"href":"https:\/\/vamedicalca.com\/es\/wp-json\/wp\/v2\/media?parent=1344"}],"wp:term":[{"taxonomy":"product_brand","embeddable":true,"href":"https:\/\/vamedicalca.com\/es\/wp-json\/wp\/v2\/product_brand?post=1344"},{"taxonomy":"product_cat","embeddable":true,"href":"https:\/\/vamedicalca.com\/es\/wp-json\/wp\/v2\/product_cat?post=1344"},{"taxonomy":"product_tag","embeddable":true,"href":"https:\/\/vamedicalca.com\/es\/wp-json\/wp\/v2\/product_tag?post=1344"}],"curies":[{"name":"wp","href":"https:\/\/api.w.org\/{rel}","templated":true}]}}