{"id":1343,"date":"2023-05-25T00:11:17","date_gmt":"2023-05-25T00:11:17","guid":{"rendered":"https:\/\/vamedicalca.com\/product\/corse-lumbo-ls-0407\/"},"modified":"2023-08-25T00:26:39","modified_gmt":"2023-08-25T00:26:39","slug":"lumbo-corset-ls-0407","status":"publish","type":"product","link":"https:\/\/vamedicalca.com\/es\/producto\/lumbo-corset-ls-0407\/","title":{"rendered":"CINTUR\u00d3N LUMBOSACRAL (LUMBOMED) LS-0407"},"content":{"rendered":"<ul>\n<li>Sujeta y comprime los m\u00fasculos abdominales para reducir la cintura y se utiliza como ayuda postoperatoria o posparto.<\/li>\n<li>La cincha porosa de tres paneles mejora la ventilaci\u00f3n y el confort.<\/li>\n<li>El amplio panel de cinta autoadherente ofrece una mejor sujeci\u00f3n y flexibilidad de tallaje.<\/li>\n<li>Compresi\u00f3n \u00f3ptima, tonifica los m\u00fasculos abdominales tras una intervenci\u00f3n quir\u00fargica o un embarazo.<\/li>\n<li>La compresi\u00f3n \u00f3ptima fija las incisiones quir\u00fargicas y mejora la cicatrizaci\u00f3n del abdomen y el t\u00f3rax.<\/li>\n<li>Alivia el dolor durante el movimiento o la tos.<\/li>\n<li>Las correas especiales de nailon evitan que la correa se enrolle.<\/li>\n<li>Puede utilizarse en hernias ventrales.<\/li>\n<\/ul>\n","protected":false},"excerpt":{"rendered":"<ul>\n<li style=\"font-weight: 400;\" aria-level=\"1\"><span style=\"font-weight: 400;\">Sujeta y comprime los m\u00fasculos abdominales para reducir la cintura y se utiliza como ayuda postoperatoria o despu\u00e9s del parto.<\/span><\/li>\n<li style=\"font-weight: 400;\" aria-level=\"1\"><span style=\"font-weight: 400;\">La cincha porosa de tres paneles mejora la ventilaci\u00f3n y el confort.<\/span><\/li>\n<li style=\"font-weight: 400;\" aria-level=\"1\"><span style=\"font-weight: 400;\">El amplio panel de cinta autoadherente ofrece una mejor sujeci\u00f3n y flexibilidad de tallaje.<\/span><\/li>\n<li style=\"font-weight: 400;\" aria-level=\"1\"><span style=\"font-weight: 400;\">Compresi\u00f3n \u00f3ptima, tonifica los m\u00fasculos abdominales tras una intervenci\u00f3n quir\u00fargica o un embarazo.<\/span><\/li>\n<li style=\"font-weight: 400;\" aria-level=\"1\"><span style=\"font-weight: 400;\">La compresi\u00f3n \u00f3ptima fija las incisiones quir\u00fargicas y mejora la cicatrizaci\u00f3n del abdomen y el t\u00f3rax. <\/span><\/li>\n<li style=\"font-weight: 400;\" aria-level=\"1\"><span style=\"font-weight: 400;\">Alivia el dolor durante el movimiento o la tos.<\/span><\/li>\n<li style=\"font-weight: 400;\" aria-level=\"1\"><span style=\"font-weight: 400;\">Las correas especiales de nailon evitan que la correa se enrolle.<\/span><\/li>\n<li style=\"font-weight: 400;\" aria-level=\"1\"><span style=\"font-weight: 400;\">Puede utilizarse en hernias ventrales.<\/span><\/li>\n<\/ul>\n<p><span style=\"font-weight: 400;\">Talla: EST\u00c1NDAR\/ESPECIAL<\/span><\/p>\n","protected":false},"featured_media":730,"comment_status":"open","ping_status":"closed","template":"","meta":{"rs_blank_template":"","rs_page_bg_color":"","slide_template_v7":""},"product_brand":[],"product_cat":[56,68],"product_tag":[],"class_list":{"0":"post-1343","1":"product","2":"type-product","3":"status-publish","4":"has-post-thumbnail","6":"product_cat-ortopedia-de-adultos","7":"product_cat-soportes-lumbo","9":"first","10":"instock","11":"shipping-taxable","12":"product-type-simple"},"_links":{"self":[{"href":"https:\/\/vamedicalca.com\/es\/wp-json\/wp\/v2\/product\/1343","targetHints":{"allow":["GET"]}}],"collection":[{"href":"https:\/\/vamedicalca.com\/es\/wp-json\/wp\/v2\/product"}],"about":[{"href":"https:\/\/vamedicalca.com\/es\/wp-json\/wp\/v2\/types\/product"}],"replies":[{"embeddable":true,"href":"https:\/\/vamedicalca.com\/es\/wp-json\/wp\/v2\/comments?post=1343"}],"version-history":[{"count":0,"href":"https:\/\/vamedicalca.com\/es\/wp-json\/wp\/v2\/product\/1343\/revisions"}],"wp:featuredmedia":[{"embeddable":true,"href":"https:\/\/vamedicalca.com\/es\/wp-json\/wp\/v2\/media\/730"}],"wp:attachment":[{"href":"https:\/\/vamedicalca.com\/es\/wp-json\/wp\/v2\/media?parent=1343"}],"wp:term":[{"taxonomy":"product_brand","embeddable":true,"href":"https:\/\/vamedicalca.com\/es\/wp-json\/wp\/v2\/product_brand?post=1343"},{"taxonomy":"product_cat","embeddable":true,"href":"https:\/\/vamedicalca.com\/es\/wp-json\/wp\/v2\/product_cat?post=1343"},{"taxonomy":"product_tag","embeddable":true,"href":"https:\/\/vamedicalca.com\/es\/wp-json\/wp\/v2\/product_tag?post=1343"}],"curies":[{"name":"wp","href":"https:\/\/api.w.org\/{rel}","templated":true}]}}