{"id":1342,"date":"2023-05-25T00:16:33","date_gmt":"2023-05-25T00:16:33","guid":{"rendered":"https:\/\/vamedicalca.com\/product\/tirante-taylor-ls-0408\/"},"modified":"2023-08-24T00:06:15","modified_gmt":"2023-08-24T00:06:15","slug":"taylor-brace-ls-0408-2","status":"publish","type":"product","link":"https:\/\/vamedicalca.com\/es\/producto\/taylor-brace-ls-0408-2\/","title":{"rendered":"FAJA TOR\u00c1CIA LUMBAR LS-0408"},"content":{"rendered":"<ul>\n<li>Excelente inmovilizaci\u00f3n de la columna vertebral.<\/li>\n<li>Mantiene la columna vertebral en una posici\u00f3n neutra, con un ajuste perfecto.<\/li>\n<li>En pacientes afectados por actitudes cif\u00f3ticas incorrectas, acu\u00f1amiento vertebral, traumatismos dorso-lumbares, enfermedades infecciosas (tuberculosis) que afectan a la columna dorsal.<\/li>\n<li>Hernias discales, postoperatorios, osteoporosis, fracturas vertebrales y en todos aquellos casos en los que nos interese una correcci\u00f3n de la curva cif\u00f3tica.<\/li>\n<li>Corrige la postura de los hombros, aseg\u00farate de ajustar las correas para que no se aflojen y la ortesis no se deslice.<\/li>\n<li>Algunas lumbalgias T-8, T-12, asociadas a lumbalgias que requieren inmovilizaci\u00f3n temporal.<\/li>\n<li>En aquellos casos en los que requieran parcialmente soporte tor\u00e1cico en determinados momentos del d\u00eda y en funci\u00f3n de la actividad.<\/li>\n<li>Permite una mejor compresi\u00f3n y ajuste de la regi\u00f3n lumbosacra: f\u00e1cil colocaci\u00f3n y retirada de la \u00f3rtesis.<\/li>\n<\/ul>\n","protected":false},"excerpt":{"rendered":"<ul>\n<li style=\"font-weight: 400;\" aria-level=\"1\"><span style=\"font-weight: 400;\">Excelente inmovilizaci\u00f3n de la columna vertebral.<\/span><\/li>\n<li style=\"font-weight: 400;\" aria-level=\"1\"><span style=\"font-weight: 400;\">Mantiene la columna vertebral en una posici\u00f3n neutra, con un ajuste perfecto.<\/span><\/li>\n<li style=\"font-weight: 400;\" aria-level=\"1\"><span style=\"font-weight: 400;\">En pacientes afectados por actitudes cif\u00f3ticas incorrectas, acu\u00f1amiento vertebral, traumatismos dorso-lumbares, enfermedades infecciosas (tuberculosis) que afectan a la columna dorsal.<\/span><\/li>\n<li style=\"font-weight: 400;\" aria-level=\"1\"><span style=\"font-weight: 400;\">Hernias discales, postoperatorios, osteoporosis, fracturas vertebrales y en todos aquellos casos en los que nos interese una correcci\u00f3n de la curva cif\u00f3tica.<\/span><\/li>\n<li style=\"font-weight: 400;\" aria-level=\"1\"><span style=\"font-weight: 400;\">Corrige la postura de los hombros, aseg\u00farate de ajustar las correas para que no se aflojen y la ortesis no se deslice.<\/span><\/li>\n<li style=\"font-weight: 400;\" aria-level=\"1\"><span style=\"font-weight: 400;\">Algunas lumbalgias T-8, T-12, asociadas a lumbalgias que requieren inmovilizaci\u00f3n temporal.<\/span><\/li>\n<li style=\"font-weight: 400;\" aria-level=\"1\"><span style=\"font-weight: 400;\">En aquellos casos en los que requieran parcialmente soporte tor\u00e1cico en determinados momentos del d\u00eda y en funci\u00f3n de la actividad.<\/span><\/li>\n<li style=\"font-weight: 400;\" aria-level=\"1\"><span style=\"font-weight: 400;\">Permite una mejor compresi\u00f3n y ajuste de la regi\u00f3n lumbosacra: f\u00e1cil colocaci\u00f3n y retirada de la \u00f3rtesis.<\/span><\/li>\n<\/ul>\n<p><span style=\"font-weight: 400;\">Talla: EST\u00c1NDAR\/ESPECIAL<\/span><\/p>\n","protected":false},"featured_media":733,"comment_status":"open","ping_status":"closed","template":"","meta":{"rs_blank_template":"","rs_page_bg_color":"","slide_template_v7":""},"product_brand":[],"product_cat":[56,68],"product_tag":[],"class_list":{"0":"post-1342","1":"product","2":"type-product","3":"status-publish","4":"has-post-thumbnail","6":"product_cat-ortopedia-de-adultos","7":"product_cat-soportes-lumbo","9":"first","10":"instock","11":"shipping-taxable","12":"product-type-simple"},"_links":{"self":[{"href":"https:\/\/vamedicalca.com\/es\/wp-json\/wp\/v2\/product\/1342","targetHints":{"allow":["GET"]}}],"collection":[{"href":"https:\/\/vamedicalca.com\/es\/wp-json\/wp\/v2\/product"}],"about":[{"href":"https:\/\/vamedicalca.com\/es\/wp-json\/wp\/v2\/types\/product"}],"replies":[{"embeddable":true,"href":"https:\/\/vamedicalca.com\/es\/wp-json\/wp\/v2\/comments?post=1342"}],"version-history":[{"count":0,"href":"https:\/\/vamedicalca.com\/es\/wp-json\/wp\/v2\/product\/1342\/revisions"}],"wp:featuredmedia":[{"embeddable":true,"href":"https:\/\/vamedicalca.com\/es\/wp-json\/wp\/v2\/media\/733"}],"wp:attachment":[{"href":"https:\/\/vamedicalca.com\/es\/wp-json\/wp\/v2\/media?parent=1342"}],"wp:term":[{"taxonomy":"product_brand","embeddable":true,"href":"https:\/\/vamedicalca.com\/es\/wp-json\/wp\/v2\/product_brand?post=1342"},{"taxonomy":"product_cat","embeddable":true,"href":"https:\/\/vamedicalca.com\/es\/wp-json\/wp\/v2\/product_cat?post=1342"},{"taxonomy":"product_tag","embeddable":true,"href":"https:\/\/vamedicalca.com\/es\/wp-json\/wp\/v2\/product_tag?post=1342"}],"curies":[{"name":"wp","href":"https:\/\/api.w.org\/{rel}","templated":true}]}}