{"id":1341,"date":"2023-05-25T00:36:43","date_gmt":"2023-05-25T00:36:43","guid":{"rendered":"https:\/\/vamedicalca.com\/product\/corse-lumbo-con-silicona-ls-0414\/"},"modified":"2023-08-25T00:32:00","modified_gmt":"2023-08-25T00:32:00","slug":"lumbo-corse-con-silicona-ls-0414","status":"publish","type":"product","link":"https:\/\/vamedicalca.com\/es\/producto\/lumbo-corse-con-silicona-ls-0414\/","title":{"rendered":"CINTUR\u00d3N LUMBO CON SILICONA LS-0414"},"content":{"rendered":"","protected":false},"excerpt":{"rendered":"<ul>\n<li>Las f\u00e9rulas r\u00edgidas de contorno anat\u00f3mico mantienen la curva natural de la zona lumbar y ayudan a aliviar la fatiga postural.<\/li>\n<li>El mecanismo de doble tracci\u00f3n garantiza una fijaci\u00f3n fuerte, una ferulizaci\u00f3n eficaz y una mejor inmovilizaci\u00f3n.<\/li>\n<li>El respaldo de espuma Ethafoam ofrece una gran amortiguaci\u00f3n incluso en secciones finas.<\/li>\n<li>Proporciona mayor comodidad al paciente, sin comprometer la inmovilizaci\u00f3n.<\/li>\n<li>Gran bucle de gancho y permite una compresi\u00f3n controlada, flexibilidad en el tallaje.<\/li>\n<\/ul>\n<p>Talla: EST\u00c1NDAR\/ESPECIAL<\/p>\n","protected":false},"featured_media":736,"comment_status":"open","ping_status":"closed","template":"","meta":{"rs_blank_template":"","rs_page_bg_color":"","slide_template_v7":""},"product_brand":[],"product_cat":[56,68],"product_tag":[],"class_list":{"0":"post-1341","1":"product","2":"type-product","3":"status-publish","4":"has-post-thumbnail","6":"product_cat-ortopedia-de-adultos","7":"product_cat-soportes-lumbo","9":"first","10":"instock","11":"shipping-taxable","12":"product-type-simple"},"_links":{"self":[{"href":"https:\/\/vamedicalca.com\/es\/wp-json\/wp\/v2\/product\/1341","targetHints":{"allow":["GET"]}}],"collection":[{"href":"https:\/\/vamedicalca.com\/es\/wp-json\/wp\/v2\/product"}],"about":[{"href":"https:\/\/vamedicalca.com\/es\/wp-json\/wp\/v2\/types\/product"}],"replies":[{"embeddable":true,"href":"https:\/\/vamedicalca.com\/es\/wp-json\/wp\/v2\/comments?post=1341"}],"version-history":[{"count":0,"href":"https:\/\/vamedicalca.com\/es\/wp-json\/wp\/v2\/product\/1341\/revisions"}],"wp:featuredmedia":[{"embeddable":true,"href":"https:\/\/vamedicalca.com\/es\/wp-json\/wp\/v2\/media\/736"}],"wp:attachment":[{"href":"https:\/\/vamedicalca.com\/es\/wp-json\/wp\/v2\/media?parent=1341"}],"wp:term":[{"taxonomy":"product_brand","embeddable":true,"href":"https:\/\/vamedicalca.com\/es\/wp-json\/wp\/v2\/product_brand?post=1341"},{"taxonomy":"product_cat","embeddable":true,"href":"https:\/\/vamedicalca.com\/es\/wp-json\/wp\/v2\/product_cat?post=1341"},{"taxonomy":"product_tag","embeddable":true,"href":"https:\/\/vamedicalca.com\/es\/wp-json\/wp\/v2\/product_tag?post=1341"}],"curies":[{"name":"wp","href":"https:\/\/api.w.org\/{rel}","templated":true}]}}