{"id":1339,"date":"2023-05-25T00:50:16","date_gmt":"2023-05-25T00:50:16","guid":{"rendered":"https:\/\/vamedicalca.com\/product\/inmovilizador-de-hombro-fr-0501\/"},"modified":"2023-05-25T00:50:16","modified_gmt":"2023-05-25T00:50:16","slug":"inmovilizador-de-hombro-fr-0501","status":"publish","type":"product","link":"https:\/\/vamedicalca.com\/es\/producto\/inmovilizador-de-hombro-fr-0501\/","title":{"rendered":"INMOVILIZADOR DE HOMBRO FR-0501"},"content":{"rendered":"","protected":false},"excerpt":{"rendered":"<ul>\n<li>Proporciona una perfecta inmovilizaci\u00f3n del hombro.<\/li>\n<li>Para luxaci\u00f3n de hombro.<\/li>\n<li>Para tratar fracturas de la articulaci\u00f3n del hombro.<\/li>\n<li>Para tratar fracturas de clav\u00edcula, h\u00famero y esc\u00e1pula.<\/li>\n<\/ul>\n<p>Talla: S, M, L, XL, XXL<\/p>\n","protected":false},"featured_media":742,"comment_status":"open","ping_status":"closed","template":"","meta":{"rs_blank_template":"","rs_page_bg_color":"","slide_template_v7":""},"product_brand":[],"product_cat":[56,66],"product_tag":[],"class_list":{"0":"post-1339","1":"product","2":"type-product","3":"status-publish","4":"has-post-thumbnail","6":"product_cat-ortopedia-de-adultos","7":"product_cat-soporte-para-hombros","9":"first","10":"instock","11":"shipping-taxable","12":"product-type-simple"},"_links":{"self":[{"href":"https:\/\/vamedicalca.com\/es\/wp-json\/wp\/v2\/product\/1339","targetHints":{"allow":["GET"]}}],"collection":[{"href":"https:\/\/vamedicalca.com\/es\/wp-json\/wp\/v2\/product"}],"about":[{"href":"https:\/\/vamedicalca.com\/es\/wp-json\/wp\/v2\/types\/product"}],"replies":[{"embeddable":true,"href":"https:\/\/vamedicalca.com\/es\/wp-json\/wp\/v2\/comments?post=1339"}],"version-history":[{"count":0,"href":"https:\/\/vamedicalca.com\/es\/wp-json\/wp\/v2\/product\/1339\/revisions"}],"wp:featuredmedia":[{"embeddable":true,"href":"https:\/\/vamedicalca.com\/es\/wp-json\/wp\/v2\/media\/742"}],"wp:attachment":[{"href":"https:\/\/vamedicalca.com\/es\/wp-json\/wp\/v2\/media?parent=1339"}],"wp:term":[{"taxonomy":"product_brand","embeddable":true,"href":"https:\/\/vamedicalca.com\/es\/wp-json\/wp\/v2\/product_brand?post=1339"},{"taxonomy":"product_cat","embeddable":true,"href":"https:\/\/vamedicalca.com\/es\/wp-json\/wp\/v2\/product_cat?post=1339"},{"taxonomy":"product_tag","embeddable":true,"href":"https:\/\/vamedicalca.com\/es\/wp-json\/wp\/v2\/product_tag?post=1339"}],"curies":[{"name":"wp","href":"https:\/\/api.w.org\/{rel}","templated":true}]}}