{"id":1337,"date":"2023-05-25T00:54:16","date_gmt":"2023-05-25T00:54:16","guid":{"rendered":"https:\/\/vamedicalca.com\/product\/soporte-para-hombros-fr-0503\/"},"modified":"2023-07-26T02:32:44","modified_gmt":"2023-07-26T02:32:44","slug":"shoulder-support-fr-0503","status":"publish","type":"product","link":"https:\/\/vamedicalca.com\/es\/producto\/shoulder-support-fr-0503\/","title":{"rendered":"SOPORTE PARA HOMBROS FR-0503"},"content":{"rendered":"","protected":false},"excerpt":{"rendered":"<ul>\n<li>Proporciona protecci\u00f3n, compresi\u00f3n c\u00e1lida y sujeci\u00f3n de los hombros.<\/li>\n<li>Para torceduras, esguinces y dolores artr\u00edticos de la articulaci\u00f3n del hombro.<\/li>\n<li>Ideal para la prevenci\u00f3n de lesiones deportivas.<\/li>\n<li>Para tratar la bursitis y la tendinitis.<\/li>\n<li>Para luxaci\u00f3n de hombro.<\/li>\n<li>Para la inflamaci\u00f3n, el dolor y la inestabilidad leves del hombro.<\/li>\n<li>Es c\u00f3modo y f\u00e1cil de usar.<\/li>\n<\/ul>\n<p>&nbsp;<\/p>\n<p>Talla: UNIVERSAL\/ESPECIAL<\/p>\n","protected":false},"featured_media":748,"comment_status":"open","ping_status":"closed","template":"","meta":{"rs_blank_template":"","rs_page_bg_color":"","slide_template_v7":""},"product_brand":[],"product_cat":[56,66],"product_tag":[],"class_list":{"0":"post-1337","1":"product","2":"type-product","3":"status-publish","4":"has-post-thumbnail","6":"product_cat-ortopedia-de-adultos","7":"product_cat-soporte-para-hombros","9":"first","10":"instock","11":"shipping-taxable","12":"product-type-simple"},"_links":{"self":[{"href":"https:\/\/vamedicalca.com\/es\/wp-json\/wp\/v2\/product\/1337","targetHints":{"allow":["GET"]}}],"collection":[{"href":"https:\/\/vamedicalca.com\/es\/wp-json\/wp\/v2\/product"}],"about":[{"href":"https:\/\/vamedicalca.com\/es\/wp-json\/wp\/v2\/types\/product"}],"replies":[{"embeddable":true,"href":"https:\/\/vamedicalca.com\/es\/wp-json\/wp\/v2\/comments?post=1337"}],"version-history":[{"count":0,"href":"https:\/\/vamedicalca.com\/es\/wp-json\/wp\/v2\/product\/1337\/revisions"}],"wp:featuredmedia":[{"embeddable":true,"href":"https:\/\/vamedicalca.com\/es\/wp-json\/wp\/v2\/media\/748"}],"wp:attachment":[{"href":"https:\/\/vamedicalca.com\/es\/wp-json\/wp\/v2\/media?parent=1337"}],"wp:term":[{"taxonomy":"product_brand","embeddable":true,"href":"https:\/\/vamedicalca.com\/es\/wp-json\/wp\/v2\/product_brand?post=1337"},{"taxonomy":"product_cat","embeddable":true,"href":"https:\/\/vamedicalca.com\/es\/wp-json\/wp\/v2\/product_cat?post=1337"},{"taxonomy":"product_tag","embeddable":true,"href":"https:\/\/vamedicalca.com\/es\/wp-json\/wp\/v2\/product_tag?post=1337"}],"curies":[{"name":"wp","href":"https:\/\/api.w.org\/{rel}","templated":true}]}}