{"id":1336,"date":"2023-05-25T00:56:19","date_gmt":"2023-05-25T00:56:19","guid":{"rendered":"https:\/\/vamedicalca.com\/product\/almohada-abduccion-hombro-fr-0511\/"},"modified":"2023-08-25T17:21:35","modified_gmt":"2023-08-25T17:21:35","slug":"almohada-abduccion-hombros-fr-0511","status":"publish","type":"product","link":"https:\/\/vamedicalca.com\/es\/producto\/almohada-abduccion-hombros-fr-0511\/","title":{"rendered":"ALMOHADA DE ABDUCCI\u00d3N PARA HOMBRO FR-0511"},"content":{"rendered":"","protected":false},"excerpt":{"rendered":"<ul>\n<li>Fracturas de numerosos radios, c\u00fabito, clav\u00edcula y esc\u00e1pula.<\/li>\n<li>Fractura de clav\u00edcula Cuidados postquir\u00fargicos o postenyesado del brazo.<\/li>\n<li>Esguince o luxaci\u00f3n de hombro.<\/li>\n<li>Cualquier otra afecci\u00f3n que requiera sujeci\u00f3n o inmovilizaci\u00f3n del brazo.<\/li>\n<\/ul>\n<p><span style=\"font-weight: 400;\">Talla: S, M, L, XL, XXL<\/span><\/p>\n","protected":false},"featured_media":751,"comment_status":"open","ping_status":"closed","template":"","meta":{"rs_blank_template":"","rs_page_bg_color":"","slide_template_v7":""},"product_brand":[],"product_cat":[56,66],"product_tag":[],"class_list":{"0":"post-1336","1":"product","2":"type-product","3":"status-publish","4":"has-post-thumbnail","6":"product_cat-ortopedia-de-adultos","7":"product_cat-soporte-para-hombros","9":"first","10":"instock","11":"shipping-taxable","12":"product-type-simple"},"_links":{"self":[{"href":"https:\/\/vamedicalca.com\/es\/wp-json\/wp\/v2\/product\/1336","targetHints":{"allow":["GET"]}}],"collection":[{"href":"https:\/\/vamedicalca.com\/es\/wp-json\/wp\/v2\/product"}],"about":[{"href":"https:\/\/vamedicalca.com\/es\/wp-json\/wp\/v2\/types\/product"}],"replies":[{"embeddable":true,"href":"https:\/\/vamedicalca.com\/es\/wp-json\/wp\/v2\/comments?post=1336"}],"version-history":[{"count":0,"href":"https:\/\/vamedicalca.com\/es\/wp-json\/wp\/v2\/product\/1336\/revisions"}],"wp:featuredmedia":[{"embeddable":true,"href":"https:\/\/vamedicalca.com\/es\/wp-json\/wp\/v2\/media\/751"}],"wp:attachment":[{"href":"https:\/\/vamedicalca.com\/es\/wp-json\/wp\/v2\/media?parent=1336"}],"wp:term":[{"taxonomy":"product_brand","embeddable":true,"href":"https:\/\/vamedicalca.com\/es\/wp-json\/wp\/v2\/product_brand?post=1336"},{"taxonomy":"product_cat","embeddable":true,"href":"https:\/\/vamedicalca.com\/es\/wp-json\/wp\/v2\/product_cat?post=1336"},{"taxonomy":"product_tag","embeddable":true,"href":"https:\/\/vamedicalca.com\/es\/wp-json\/wp\/v2\/product_tag?post=1336"}],"curies":[{"name":"wp","href":"https:\/\/api.w.org\/{rel}","templated":true}]}}