{"id":1333,"date":"2023-05-25T14:17:37","date_gmt":"2023-05-25T14:17:37","guid":{"rendered":"https:\/\/vamedicalca.com\/product\/bolsa-portaobjetos-fr-0505\/"},"modified":"2023-08-23T23:10:06","modified_gmt":"2023-08-23T23:10:06","slug":"arm-sling-pouch-fr-0505","status":"publish","type":"product","link":"https:\/\/vamedicalca.com\/es\/producto\/arm-sling-pouch-fr-0505\/","title":{"rendered":"Cabestrillo FR-0505"},"content":{"rendered":"","protected":false},"excerpt":{"rendered":"<ul>\n<li>Para tratar fracturas de radio, h\u00famero, c\u00fabito, clav\u00edcula y esc\u00e1pula.<\/li>\n<li>Puede utilizarse para el brazo izquierdo o derecho.<\/li>\n<li>Para tratar la rehabilitaci\u00f3n posquir\u00fargica del brazo.<\/li>\n<li>Para uso posterior a la colada.<\/li>\n<li>Para la contractura o luxaci\u00f3n del hombro.<\/li>\n<li>Para cualquier otra afecci\u00f3n que requiera sujeci\u00f3n o inmovilizaci\u00f3n del brazo.<\/li>\n<\/ul>\n<p>&nbsp;<\/p>\n<p>Talla: CH, S, M, L, XL, XXL<\/p>\n","protected":false},"featured_media":761,"comment_status":"open","ping_status":"closed","template":"","meta":{"rs_blank_template":"","rs_page_bg_color":"","slide_template_v7":""},"product_brand":[],"product_cat":[56,66],"product_tag":[],"class_list":{"0":"post-1333","1":"product","2":"type-product","3":"status-publish","4":"has-post-thumbnail","6":"product_cat-ortopedia-de-adultos","7":"product_cat-soporte-para-hombros","9":"first","10":"instock","11":"shipping-taxable","12":"product-type-simple"},"_links":{"self":[{"href":"https:\/\/vamedicalca.com\/es\/wp-json\/wp\/v2\/product\/1333","targetHints":{"allow":["GET"]}}],"collection":[{"href":"https:\/\/vamedicalca.com\/es\/wp-json\/wp\/v2\/product"}],"about":[{"href":"https:\/\/vamedicalca.com\/es\/wp-json\/wp\/v2\/types\/product"}],"replies":[{"embeddable":true,"href":"https:\/\/vamedicalca.com\/es\/wp-json\/wp\/v2\/comments?post=1333"}],"version-history":[{"count":0,"href":"https:\/\/vamedicalca.com\/es\/wp-json\/wp\/v2\/product\/1333\/revisions"}],"wp:featuredmedia":[{"embeddable":true,"href":"https:\/\/vamedicalca.com\/es\/wp-json\/wp\/v2\/media\/761"}],"wp:attachment":[{"href":"https:\/\/vamedicalca.com\/es\/wp-json\/wp\/v2\/media?parent=1333"}],"wp:term":[{"taxonomy":"product_brand","embeddable":true,"href":"https:\/\/vamedicalca.com\/es\/wp-json\/wp\/v2\/product_brand?post=1333"},{"taxonomy":"product_cat","embeddable":true,"href":"https:\/\/vamedicalca.com\/es\/wp-json\/wp\/v2\/product_cat?post=1333"},{"taxonomy":"product_tag","embeddable":true,"href":"https:\/\/vamedicalca.com\/es\/wp-json\/wp\/v2\/product_tag?post=1333"}],"curies":[{"name":"wp","href":"https:\/\/api.w.org\/{rel}","templated":true}]}}