{"id":1326,"date":"2023-05-25T14:53:20","date_gmt":"2023-05-25T14:53:20","guid":{"rendered":"https:\/\/vamedicalca.com\/product\/rodillera-deluxe-1par-ne-0605\/"},"modified":"2023-05-25T14:53:20","modified_gmt":"2023-05-25T14:53:20","slug":"knee-cap-deluxe-1pair-ne-0605","status":"publish","type":"product","link":"https:\/\/vamedicalca.com\/es\/producto\/knee-cap-deluxe-1pair-ne-0605\/","title":{"rendered":"RODILLERA (DELUXE) (1PAR) NE-0605"},"content":{"rendered":"","protected":false},"excerpt":{"rendered":"<ul>\n<li>Proporciona alivio y compresi\u00f3n.<\/li>\n<li>De material suave, c\u00f3modo y transpirable.<\/li>\n<li>F\u00e1cil de usar.<\/li>\n<li>Dise\u00f1ada para proporcionar una sujeci\u00f3n e inmovilizaci\u00f3n medias a la rodilla.<\/li>\n<li>Para cuidados postoperatorios.<\/li>\n<li>Proporciona la compresi\u00f3n perfecta a la rodilla inflamada.<\/li>\n<li>Para uso en pacientes geri\u00e1tricos.<\/li>\n<li>Para rodillas con artritis.<\/li>\n<li>Lesiones deportivas.<\/li>\n<li>Para su uso durante la rehabilitaci\u00f3n de la rodilla.<\/li>\n<\/ul>\n<p>&nbsp;<\/p>\n<p>Talla: S, M, L, XL, XXL<\/p>\n","protected":false},"featured_media":783,"comment_status":"open","ping_status":"closed","template":"","meta":{"rs_blank_template":"","rs_page_bg_color":"","slide_template_v7":""},"product_brand":[],"product_cat":[56,57],"product_tag":[],"class_list":{"0":"post-1326","1":"product","2":"type-product","3":"status-publish","4":"has-post-thumbnail","6":"product_cat-ortopedia-de-adultos","7":"product_cat-rodilleras-y-soportes","9":"first","10":"instock","11":"shipping-taxable","12":"product-type-simple"},"_links":{"self":[{"href":"https:\/\/vamedicalca.com\/es\/wp-json\/wp\/v2\/product\/1326","targetHints":{"allow":["GET"]}}],"collection":[{"href":"https:\/\/vamedicalca.com\/es\/wp-json\/wp\/v2\/product"}],"about":[{"href":"https:\/\/vamedicalca.com\/es\/wp-json\/wp\/v2\/types\/product"}],"replies":[{"embeddable":true,"href":"https:\/\/vamedicalca.com\/es\/wp-json\/wp\/v2\/comments?post=1326"}],"version-history":[{"count":0,"href":"https:\/\/vamedicalca.com\/es\/wp-json\/wp\/v2\/product\/1326\/revisions"}],"wp:featuredmedia":[{"embeddable":true,"href":"https:\/\/vamedicalca.com\/es\/wp-json\/wp\/v2\/media\/783"}],"wp:attachment":[{"href":"https:\/\/vamedicalca.com\/es\/wp-json\/wp\/v2\/media?parent=1326"}],"wp:term":[{"taxonomy":"product_brand","embeddable":true,"href":"https:\/\/vamedicalca.com\/es\/wp-json\/wp\/v2\/product_brand?post=1326"},{"taxonomy":"product_cat","embeddable":true,"href":"https:\/\/vamedicalca.com\/es\/wp-json\/wp\/v2\/product_cat?post=1326"},{"taxonomy":"product_tag","embeddable":true,"href":"https:\/\/vamedicalca.com\/es\/wp-json\/wp\/v2\/product_tag?post=1326"}],"curies":[{"name":"wp","href":"https:\/\/api.w.org\/{rel}","templated":true}]}}