{"id":1325,"date":"2023-05-25T15:02:16","date_gmt":"2023-05-25T15:02:16","guid":{"rendered":"https:\/\/vamedicalca.com\/product\/rodillera-rotula-abierta-almohadilla-de-gel-ne-0608\/"},"modified":"2023-05-25T15:02:16","modified_gmt":"2023-05-25T15:02:16","slug":"knee-cap-open-patella-gel-pad-ne-0608","status":"publish","type":"product","link":"https:\/\/vamedicalca.com\/es\/producto\/knee-cap-open-patella-gel-pad-ne-0608\/","title":{"rendered":"RODILLERA R\u00d3TULA ABIERTA ALMOHADILLA DE GEL NE-0608"},"content":{"rendered":"","protected":false},"excerpt":{"rendered":"<ul>\n<li>Proporciona compresi\u00f3n, alinea la r\u00f3tula en la articulaci\u00f3n de la rodilla.<\/li>\n<li>Previene las lesiones por esfuerzo repetitivo.<\/li>\n<li>Para tratar el dolor de rodilla debido a una mala pisada, sobrepeso o lesiones deportivas.<\/li>\n<li>Ayuda a prevenir esguinces y dolores articulares.<\/li>\n<li>Proporciona calor a m\u00fasculos y ligamentos.<\/li>\n<\/ul>\n<p>&nbsp;<\/p>\n<p>Talla: S, M, L, XL, XXL<\/p>\n","protected":false},"featured_media":786,"comment_status":"open","ping_status":"closed","template":"","meta":{"rs_blank_template":"","rs_page_bg_color":"","slide_template_v7":""},"product_brand":[],"product_cat":[56,57],"product_tag":[],"class_list":{"0":"post-1325","1":"product","2":"type-product","3":"status-publish","4":"has-post-thumbnail","6":"product_cat-ortopedia-de-adultos","7":"product_cat-rodilleras-y-soportes","9":"first","10":"instock","11":"shipping-taxable","12":"product-type-simple"},"_links":{"self":[{"href":"https:\/\/vamedicalca.com\/es\/wp-json\/wp\/v2\/product\/1325","targetHints":{"allow":["GET"]}}],"collection":[{"href":"https:\/\/vamedicalca.com\/es\/wp-json\/wp\/v2\/product"}],"about":[{"href":"https:\/\/vamedicalca.com\/es\/wp-json\/wp\/v2\/types\/product"}],"replies":[{"embeddable":true,"href":"https:\/\/vamedicalca.com\/es\/wp-json\/wp\/v2\/comments?post=1325"}],"version-history":[{"count":0,"href":"https:\/\/vamedicalca.com\/es\/wp-json\/wp\/v2\/product\/1325\/revisions"}],"wp:featuredmedia":[{"embeddable":true,"href":"https:\/\/vamedicalca.com\/es\/wp-json\/wp\/v2\/media\/786"}],"wp:attachment":[{"href":"https:\/\/vamedicalca.com\/es\/wp-json\/wp\/v2\/media?parent=1325"}],"wp:term":[{"taxonomy":"product_brand","embeddable":true,"href":"https:\/\/vamedicalca.com\/es\/wp-json\/wp\/v2\/product_brand?post=1325"},{"taxonomy":"product_cat","embeddable":true,"href":"https:\/\/vamedicalca.com\/es\/wp-json\/wp\/v2\/product_cat?post=1325"},{"taxonomy":"product_tag","embeddable":true,"href":"https:\/\/vamedicalca.com\/es\/wp-json\/wp\/v2\/product_tag?post=1325"}],"curies":[{"name":"wp","href":"https:\/\/api.w.org\/{rel}","templated":true}]}}