{"id":1319,"date":"2023-05-25T15:26:40","date_gmt":"2023-05-25T15:26:40","guid":{"rendered":"https:\/\/vamedicalca.com\/product\/soporte-funcional-para-rodilla-ne-0628\/"},"modified":"2023-07-26T01:37:28","modified_gmt":"2023-07-26T01:37:28","slug":"soporte-funcional-de-rodilla-ne-0628","status":"publish","type":"product","link":"https:\/\/vamedicalca.com\/es\/producto\/soporte-funcional-de-rodilla-ne-0628\/","title":{"rendered":"SOPORTE FUNCIONAL PARA RODILLA NE-0628"},"content":{"rendered":"","protected":false},"excerpt":{"rendered":"<ul>\n<li>Tendomiopat\u00eda.<\/li>\n<li>Esguinces y contusiones.<\/li>\n<li>Irritaci\u00f3n postoperatoria y postraum\u00e1tica.<\/li>\n<li>Inestabilidad rotuliana y mediolateral.<\/li>\n<li>Lesiones de menisco.<\/li>\n<li>Derrame e hinchaz\u00f3n debidos a artrosis y artritis.<\/li>\n<li>El dise\u00f1o de r\u00f3tula abierta y el gel alrededor de la r\u00f3tula libera presi\u00f3n de la zona y mantiene la r\u00f3tula en posici\u00f3n, lo que resulta excelente en el tratamiento de luxaciones.<\/li>\n<\/ul>\n<p>Talla: S, M, L, XL, XXL<\/p>\n","protected":false},"featured_media":804,"comment_status":"open","ping_status":"closed","template":"","meta":{"rs_blank_template":"","rs_page_bg_color":"","slide_template_v7":""},"product_brand":[],"product_cat":[56,57],"product_tag":[],"class_list":{"0":"post-1319","1":"product","2":"type-product","3":"status-publish","4":"has-post-thumbnail","6":"product_cat-ortopedia-de-adultos","7":"product_cat-rodilleras-y-soportes","9":"first","10":"instock","11":"shipping-taxable","12":"product-type-simple"},"_links":{"self":[{"href":"https:\/\/vamedicalca.com\/es\/wp-json\/wp\/v2\/product\/1319","targetHints":{"allow":["GET"]}}],"collection":[{"href":"https:\/\/vamedicalca.com\/es\/wp-json\/wp\/v2\/product"}],"about":[{"href":"https:\/\/vamedicalca.com\/es\/wp-json\/wp\/v2\/types\/product"}],"replies":[{"embeddable":true,"href":"https:\/\/vamedicalca.com\/es\/wp-json\/wp\/v2\/comments?post=1319"}],"version-history":[{"count":0,"href":"https:\/\/vamedicalca.com\/es\/wp-json\/wp\/v2\/product\/1319\/revisions"}],"wp:featuredmedia":[{"embeddable":true,"href":"https:\/\/vamedicalca.com\/es\/wp-json\/wp\/v2\/media\/804"}],"wp:attachment":[{"href":"https:\/\/vamedicalca.com\/es\/wp-json\/wp\/v2\/media?parent=1319"}],"wp:term":[{"taxonomy":"product_brand","embeddable":true,"href":"https:\/\/vamedicalca.com\/es\/wp-json\/wp\/v2\/product_brand?post=1319"},{"taxonomy":"product_cat","embeddable":true,"href":"https:\/\/vamedicalca.com\/es\/wp-json\/wp\/v2\/product_cat?post=1319"},{"taxonomy":"product_tag","embeddable":true,"href":"https:\/\/vamedicalca.com\/es\/wp-json\/wp\/v2\/product_tag?post=1319"}],"curies":[{"name":"wp","href":"https:\/\/api.w.org\/{rel}","templated":true}]}}