{"id":1318,"date":"2023-05-25T15:31:15","date_gmt":"2023-05-25T15:31:15","guid":{"rendered":"https:\/\/vamedicalca.com\/product\/rodillera-con-bisagras-np-3006\/"},"modified":"2023-05-25T15:31:15","modified_gmt":"2023-05-25T15:31:15","slug":"knee-wrap-with-hinges-np-3006","status":"publish","type":"product","link":"https:\/\/vamedicalca.com\/es\/producto\/knee-wrap-with-hinges-np-3006\/","title":{"rendered":"RODILLERA CON BISAGRAS NP-3006"},"content":{"rendered":"","protected":false},"excerpt":{"rendered":"<ul>\n<li>Bisagra biaxial de aluminio de alta resistencia que imita la articulaci\u00f3n natural de la rodilla.<\/li>\n<li>El dise\u00f1o de r\u00f3tula abierta y el gel alrededor de la r\u00f3tula libera presi\u00f3n de la zona y mantiene la r\u00f3tula en posici\u00f3n, lo que resulta excelente en el tratamiento de luxaciones.<\/li>\n<li>Esta vers\u00e1til rodillera ofrece una compresi\u00f3n controlada alrededor de la rodilla, con una abrazadera articulada a cada lado de la rodilla.<\/li>\n<\/ul>\n<p>Talla: S, M, L, XL, XXL, 3XL, 4XL.<\/p>\n","protected":false},"featured_media":807,"comment_status":"open","ping_status":"closed","template":"","meta":{"rs_blank_template":"","rs_page_bg_color":"","slide_template_v7":""},"product_brand":[],"product_cat":[56,57],"product_tag":[],"class_list":{"0":"post-1318","1":"product","2":"type-product","3":"status-publish","4":"has-post-thumbnail","6":"product_cat-ortopedia-de-adultos","7":"product_cat-rodilleras-y-soportes","9":"first","10":"instock","11":"shipping-taxable","12":"product-type-simple"},"_links":{"self":[{"href":"https:\/\/vamedicalca.com\/es\/wp-json\/wp\/v2\/product\/1318","targetHints":{"allow":["GET"]}}],"collection":[{"href":"https:\/\/vamedicalca.com\/es\/wp-json\/wp\/v2\/product"}],"about":[{"href":"https:\/\/vamedicalca.com\/es\/wp-json\/wp\/v2\/types\/product"}],"replies":[{"embeddable":true,"href":"https:\/\/vamedicalca.com\/es\/wp-json\/wp\/v2\/comments?post=1318"}],"version-history":[{"count":0,"href":"https:\/\/vamedicalca.com\/es\/wp-json\/wp\/v2\/product\/1318\/revisions"}],"wp:featuredmedia":[{"embeddable":true,"href":"https:\/\/vamedicalca.com\/es\/wp-json\/wp\/v2\/media\/807"}],"wp:attachment":[{"href":"https:\/\/vamedicalca.com\/es\/wp-json\/wp\/v2\/media?parent=1318"}],"wp:term":[{"taxonomy":"product_brand","embeddable":true,"href":"https:\/\/vamedicalca.com\/es\/wp-json\/wp\/v2\/product_brand?post=1318"},{"taxonomy":"product_cat","embeddable":true,"href":"https:\/\/vamedicalca.com\/es\/wp-json\/wp\/v2\/product_cat?post=1318"},{"taxonomy":"product_tag","embeddable":true,"href":"https:\/\/vamedicalca.com\/es\/wp-json\/wp\/v2\/product_tag?post=1318"}],"curies":[{"name":"wp","href":"https:\/\/api.w.org\/{rel}","templated":true}]}}