{"id":1317,"date":"2023-05-25T15:33:06","date_gmt":"2023-05-25T15:33:06","guid":{"rendered":"https:\/\/vamedicalca.com\/product\/rodillera-np-3007\/"},"modified":"2023-07-26T01:32:28","modified_gmt":"2023-07-26T01:32:28","slug":"rodillera-np-3007","status":"publish","type":"product","link":"https:\/\/vamedicalca.com\/es\/producto\/rodillera-np-3007\/","title":{"rendered":"RODILLERA NP-3007"},"content":{"rendered":"","protected":false},"excerpt":{"rendered":"<ul>\n<li>Est\u00e1 fabricado con tejido de nailon reforzado con neopreno, que es extensible en cuatro direcciones. Proporciona una compresi\u00f3n \u00f3ptima, m\u00e1s comodidad, buen agarre y mayor durabilidad. Tiene una est\u00e9tica atractiva con buena solidez del color. Retiene el calor corporal para aliviar el dolor y acelerar la curaci\u00f3n. La capa superior con bucles ininterrumpidos ofrece un sistema de cierre vers\u00e1til para un agarre firme y un tallaje universal.<\/li>\n<li>El dise\u00f1o envolvente y el triple sistema de cierre de gancho y bucle facilitan su uso y extracci\u00f3n. Permite una compresi\u00f3n personalizada, un mejor agarre, una mayor flexibilidad en el tallaje y un buen ajuste.<\/li>\n<li>La apertura anterior de la r\u00f3tula con contrafuerte rotuliano alivia la presi\u00f3n rotuliana y mantiene la r\u00f3tula en posici\u00f3n. El acolchado rotuliano de silicona proporciona una acci\u00f3n de masaje y propiocepci\u00f3n para aumentar el flujo sangu\u00edneo y acelerar la curaci\u00f3n.<\/li>\n<\/ul>\n<p>&nbsp;<\/p>\n<p><span style=\"font-weight: 400;\">Talla: UNIVERSAL\/ESPECIAL<\/span><\/p>\n","protected":false},"featured_media":810,"comment_status":"open","ping_status":"closed","template":"","meta":{"rs_blank_template":"","rs_page_bg_color":"","slide_template_v7":""},"product_brand":[],"product_cat":[56,57],"product_tag":[],"class_list":{"0":"post-1317","1":"product","2":"type-product","3":"status-publish","4":"has-post-thumbnail","6":"product_cat-ortopedia-de-adultos","7":"product_cat-rodilleras-y-soportes","9":"first","10":"instock","11":"shipping-taxable","12":"product-type-simple"},"_links":{"self":[{"href":"https:\/\/vamedicalca.com\/es\/wp-json\/wp\/v2\/product\/1317","targetHints":{"allow":["GET"]}}],"collection":[{"href":"https:\/\/vamedicalca.com\/es\/wp-json\/wp\/v2\/product"}],"about":[{"href":"https:\/\/vamedicalca.com\/es\/wp-json\/wp\/v2\/types\/product"}],"replies":[{"embeddable":true,"href":"https:\/\/vamedicalca.com\/es\/wp-json\/wp\/v2\/comments?post=1317"}],"version-history":[{"count":0,"href":"https:\/\/vamedicalca.com\/es\/wp-json\/wp\/v2\/product\/1317\/revisions"}],"wp:featuredmedia":[{"embeddable":true,"href":"https:\/\/vamedicalca.com\/es\/wp-json\/wp\/v2\/media\/810"}],"wp:attachment":[{"href":"https:\/\/vamedicalca.com\/es\/wp-json\/wp\/v2\/media?parent=1317"}],"wp:term":[{"taxonomy":"product_brand","embeddable":true,"href":"https:\/\/vamedicalca.com\/es\/wp-json\/wp\/v2\/product_brand?post=1317"},{"taxonomy":"product_cat","embeddable":true,"href":"https:\/\/vamedicalca.com\/es\/wp-json\/wp\/v2\/product_cat?post=1317"},{"taxonomy":"product_tag","embeddable":true,"href":"https:\/\/vamedicalca.com\/es\/wp-json\/wp\/v2\/product_tag?post=1317"}],"curies":[{"name":"wp","href":"https:\/\/api.w.org\/{rel}","templated":true}]}}