{"id":1316,"date":"2023-05-25T15:34:48","date_gmt":"2023-05-25T15:34:48","guid":{"rendered":"https:\/\/vamedicalca.com\/product\/rodillera-sporty-np-3016\/"},"modified":"2023-05-25T15:34:48","modified_gmt":"2023-05-25T15:34:48","slug":"knee-support-sporty-np-3016","status":"publish","type":"product","link":"https:\/\/vamedicalca.com\/es\/producto\/knee-support-sporty-np-3016\/","title":{"rendered":"RODILLERA SPORTY NP-3016"},"content":{"rendered":"","protected":false},"excerpt":{"rendered":"<ul>\n<li>Alivia el dolor y la inflamaci\u00f3n de la rodilla, generalmente asociados a lesiones deportivas, vejez, artritis, etc.<\/li>\n<li>Facilita la compresi\u00f3n y el agarre personalizados<\/li>\n<li>Favorece una curaci\u00f3n m\u00e1s r\u00e1pida<\/li>\n<\/ul>\n<p>&nbsp;<\/p>\n<p>Talla: S, M, L, XL, XXL<\/p>\n","protected":false},"featured_media":813,"comment_status":"open","ping_status":"closed","template":"","meta":{"rs_blank_template":"","rs_page_bg_color":"","slide_template_v7":""},"product_brand":[],"product_cat":[56,57],"product_tag":[],"class_list":{"0":"post-1316","1":"product","2":"type-product","3":"status-publish","4":"has-post-thumbnail","6":"product_cat-ortopedia-de-adultos","7":"product_cat-rodilleras-y-soportes","9":"first","10":"instock","11":"shipping-taxable","12":"product-type-simple"},"_links":{"self":[{"href":"https:\/\/vamedicalca.com\/es\/wp-json\/wp\/v2\/product\/1316","targetHints":{"allow":["GET"]}}],"collection":[{"href":"https:\/\/vamedicalca.com\/es\/wp-json\/wp\/v2\/product"}],"about":[{"href":"https:\/\/vamedicalca.com\/es\/wp-json\/wp\/v2\/types\/product"}],"replies":[{"embeddable":true,"href":"https:\/\/vamedicalca.com\/es\/wp-json\/wp\/v2\/comments?post=1316"}],"version-history":[{"count":0,"href":"https:\/\/vamedicalca.com\/es\/wp-json\/wp\/v2\/product\/1316\/revisions"}],"wp:featuredmedia":[{"embeddable":true,"href":"https:\/\/vamedicalca.com\/es\/wp-json\/wp\/v2\/media\/813"}],"wp:attachment":[{"href":"https:\/\/vamedicalca.com\/es\/wp-json\/wp\/v2\/media?parent=1316"}],"wp:term":[{"taxonomy":"product_brand","embeddable":true,"href":"https:\/\/vamedicalca.com\/es\/wp-json\/wp\/v2\/product_brand?post=1316"},{"taxonomy":"product_cat","embeddable":true,"href":"https:\/\/vamedicalca.com\/es\/wp-json\/wp\/v2\/product_cat?post=1316"},{"taxonomy":"product_tag","embeddable":true,"href":"https:\/\/vamedicalca.com\/es\/wp-json\/wp\/v2\/product_tag?post=1316"}],"curies":[{"name":"wp","href":"https:\/\/api.w.org\/{rel}","templated":true}]}}