{"id":1315,"date":"2023-05-27T22:37:42","date_gmt":"2023-05-27T22:37:42","guid":{"rendered":"https:\/\/vamedicalca.com\/product\/tobillera-ak-0701\/"},"modified":"2023-05-27T22:37:42","modified_gmt":"2023-05-27T22:37:42","slug":"tobillera-ak-0701","status":"publish","type":"product","link":"https:\/\/vamedicalca.com\/es\/producto\/tobillera-ak-0701\/","title":{"rendered":"TOBILLERA AK-0701"},"content":{"rendered":"","protected":false},"excerpt":{"rendered":"<ul>\n<li>La envoltura el\u00e1stica en forma de ocho mejora la estabilidad del tobillo, previene lesiones por inversi\u00f3n o aversi\u00f3n, permite una compresi\u00f3n controlada y alivia el dolor.<\/li>\n<li>Forma anat\u00f3mica con la parte del tal\u00f3n suavizada para una mejor compresi\u00f3n y agarre, facilidad de movimiento del tobillo. La perfecta adaptaci\u00f3n a la compleja anatom\u00eda del tobillo mejora el confort.<\/li>\n<li>Bicapa, algod\u00f3n en el interior, una interfase dermof\u00edlica mejora la absorci\u00f3n del sudor, el confort y la conformidad.<\/li>\n<li>Bicapa de nailon en el exterior que garantiza la durabilidad, mejora la est\u00e9tica y la solidez del color.<\/li>\n<li>Tejido el\u00e1stico en cuatro direcciones, garantiza una compresi\u00f3n eficaz junto con comodidad.<\/li>\n<li>De dos capas con espacio de aire entretejido, retiene eficazmente el calor corporal, acelera la curaci\u00f3n y alivia el dolor.<\/li>\n<\/ul>\n<p>Talla: S, M, L, XL, XXL<\/p>\n","protected":false},"featured_media":816,"comment_status":"open","ping_status":"closed","template":"","meta":{"rs_blank_template":"","rs_page_bg_color":"","slide_template_v7":""},"product_brand":[],"product_cat":[56,58],"product_tag":[],"class_list":{"0":"post-1315","1":"product","2":"type-product","3":"status-publish","4":"has-post-thumbnail","6":"product_cat-ortopedia-de-adultos","7":"product_cat-soportes-de-tobillo","9":"first","10":"instock","11":"shipping-taxable","12":"product-type-simple"},"_links":{"self":[{"href":"https:\/\/vamedicalca.com\/es\/wp-json\/wp\/v2\/product\/1315","targetHints":{"allow":["GET"]}}],"collection":[{"href":"https:\/\/vamedicalca.com\/es\/wp-json\/wp\/v2\/product"}],"about":[{"href":"https:\/\/vamedicalca.com\/es\/wp-json\/wp\/v2\/types\/product"}],"replies":[{"embeddable":true,"href":"https:\/\/vamedicalca.com\/es\/wp-json\/wp\/v2\/comments?post=1315"}],"version-history":[{"count":0,"href":"https:\/\/vamedicalca.com\/es\/wp-json\/wp\/v2\/product\/1315\/revisions"}],"wp:featuredmedia":[{"embeddable":true,"href":"https:\/\/vamedicalca.com\/es\/wp-json\/wp\/v2\/media\/816"}],"wp:attachment":[{"href":"https:\/\/vamedicalca.com\/es\/wp-json\/wp\/v2\/media?parent=1315"}],"wp:term":[{"taxonomy":"product_brand","embeddable":true,"href":"https:\/\/vamedicalca.com\/es\/wp-json\/wp\/v2\/product_brand?post=1315"},{"taxonomy":"product_cat","embeddable":true,"href":"https:\/\/vamedicalca.com\/es\/wp-json\/wp\/v2\/product_cat?post=1315"},{"taxonomy":"product_tag","embeddable":true,"href":"https:\/\/vamedicalca.com\/es\/wp-json\/wp\/v2\/product_tag?post=1315"}],"curies":[{"name":"wp","href":"https:\/\/api.w.org\/{rel}","templated":true}]}}