{"id":1314,"date":"2023-05-27T22:39:29","date_gmt":"2023-05-27T22:39:29","guid":{"rendered":"https:\/\/vamedicalca.com\/product\/tobillera-par-ak-0703\/"},"modified":"2023-05-27T22:39:29","modified_gmt":"2023-05-27T22:39:29","slug":"tobillera-par-ak-0703","status":"publish","type":"product","link":"https:\/\/vamedicalca.com\/es\/producto\/tobillera-par-ak-0703\/","title":{"rendered":"TOBILLERA (PAR) AK-0703"},"content":{"rendered":"","protected":false},"excerpt":{"rendered":"<ul>\n<li>Las tobilleras (par) son soportes tubulares ampliamente utilizados en la pr\u00e1ctica ortop\u00e9dica para proporcionar una compresi\u00f3n suave, calor y apoyo a la articulaci\u00f3n del tobillo, para aliviar el dolor y la inflamaci\u00f3n generalmente asociados con la vejez, la artritis, el deporte, etc.<\/li>\n<li>Tobillera de dos capas con c\u00e1mara de aire entretejida para ayudar a sujetar y estabilizar el tobillo.<\/li>\n<li>La tobillera est\u00e1 fabricada con material el\u00e1stico en cuatro direcciones para un ajuste c\u00f3modo.<\/li>\n<li>Ayuda a aliviar el dolor de tobillo y ayuda a reducir el dolor causado por esguinces, torceduras o lesiones, tambi\u00e9n retiene todo el calor para facilitar el proceso de curaci\u00f3n m\u00e1s r\u00e1pido.<\/li>\n<li>La tobillera tiene un dise\u00f1o de tal\u00f3n abierto y tambi\u00e9n es muy f\u00e1cil de poner y quitar.<\/li>\n<\/ul>\n<p>&nbsp;<\/p>\n<p>Talla: S, M, L, XL, XXL<\/p>\n","protected":false},"featured_media":819,"comment_status":"open","ping_status":"closed","template":"","meta":{"rs_blank_template":"","rs_page_bg_color":"","slide_template_v7":""},"product_brand":[],"product_cat":[56,58],"product_tag":[],"class_list":{"0":"post-1314","1":"product","2":"type-product","3":"status-publish","4":"has-post-thumbnail","6":"product_cat-ortopedia-de-adultos","7":"product_cat-soportes-de-tobillo","9":"first","10":"instock","11":"shipping-taxable","12":"product-type-simple"},"_links":{"self":[{"href":"https:\/\/vamedicalca.com\/es\/wp-json\/wp\/v2\/product\/1314","targetHints":{"allow":["GET"]}}],"collection":[{"href":"https:\/\/vamedicalca.com\/es\/wp-json\/wp\/v2\/product"}],"about":[{"href":"https:\/\/vamedicalca.com\/es\/wp-json\/wp\/v2\/types\/product"}],"replies":[{"embeddable":true,"href":"https:\/\/vamedicalca.com\/es\/wp-json\/wp\/v2\/comments?post=1314"}],"version-history":[{"count":0,"href":"https:\/\/vamedicalca.com\/es\/wp-json\/wp\/v2\/product\/1314\/revisions"}],"wp:featuredmedia":[{"embeddable":true,"href":"https:\/\/vamedicalca.com\/es\/wp-json\/wp\/v2\/media\/819"}],"wp:attachment":[{"href":"https:\/\/vamedicalca.com\/es\/wp-json\/wp\/v2\/media?parent=1314"}],"wp:term":[{"taxonomy":"product_brand","embeddable":true,"href":"https:\/\/vamedicalca.com\/es\/wp-json\/wp\/v2\/product_brand?post=1314"},{"taxonomy":"product_cat","embeddable":true,"href":"https:\/\/vamedicalca.com\/es\/wp-json\/wp\/v2\/product_cat?post=1314"},{"taxonomy":"product_tag","embeddable":true,"href":"https:\/\/vamedicalca.com\/es\/wp-json\/wp\/v2\/product_tag?post=1314"}],"curies":[{"name":"wp","href":"https:\/\/api.w.org\/{rel}","templated":true}]}}