{"id":1305,"date":"2023-05-27T22:57:09","date_gmt":"2023-05-27T22:57:09","guid":{"rendered":"https:\/\/vamedicalca.com\/product\/r-o-m-andador-bota-ak-0717\/"},"modified":"2023-08-24T23:57:43","modified_gmt":"2023-08-24T23:57:43","slug":"r-o-m-foot-walker-boot-ak-0717","status":"publish","type":"product","link":"https:\/\/vamedicalca.com\/es\/producto\/r-o-m-foot-walker-boot-ak-0717\/","title":{"rendered":"BOTA ORTOP\u00c9DICA INMOVILIZADORA LARGA (ROM) AK-0717"},"content":{"rendered":"","protected":false},"excerpt":{"rendered":"<ul>\n<li>Rehabilitaci\u00f3n tras una fractura o lesi\u00f3n.<\/li>\n<li>Ofrece estabilidad a piernas, tobillos y pies.<\/li>\n<li>Ofrece una posici\u00f3n c\u00f3moda y protecci\u00f3n al pie.<\/li>\n<li>Contiene barras laterales de aluminio.<\/li>\n<li>Su soporte r\u00edgido permite la inmovilizaci\u00f3n del tobillo.<\/li>\n<li>Contiene una suela que permite al paciente caminar c\u00f3modamente sin movilizar la zona lesionada.<\/li>\n<\/ul>\n<p>&nbsp;<\/p>\n<p>Talla: S, M, L<\/p>\n","protected":false},"featured_media":846,"comment_status":"open","ping_status":"closed","template":"","meta":{"rs_blank_template":"","rs_page_bg_color":"","slide_template_v7":""},"product_brand":[],"product_cat":[56,58],"product_tag":[],"class_list":{"0":"post-1305","1":"product","2":"type-product","3":"status-publish","4":"has-post-thumbnail","6":"product_cat-ortopedia-de-adultos","7":"product_cat-soportes-de-tobillo","9":"first","10":"instock","11":"shipping-taxable","12":"product-type-simple"},"_links":{"self":[{"href":"https:\/\/vamedicalca.com\/es\/wp-json\/wp\/v2\/product\/1305","targetHints":{"allow":["GET"]}}],"collection":[{"href":"https:\/\/vamedicalca.com\/es\/wp-json\/wp\/v2\/product"}],"about":[{"href":"https:\/\/vamedicalca.com\/es\/wp-json\/wp\/v2\/types\/product"}],"replies":[{"embeddable":true,"href":"https:\/\/vamedicalca.com\/es\/wp-json\/wp\/v2\/comments?post=1305"}],"version-history":[{"count":0,"href":"https:\/\/vamedicalca.com\/es\/wp-json\/wp\/v2\/product\/1305\/revisions"}],"wp:featuredmedia":[{"embeddable":true,"href":"https:\/\/vamedicalca.com\/es\/wp-json\/wp\/v2\/media\/846"}],"wp:attachment":[{"href":"https:\/\/vamedicalca.com\/es\/wp-json\/wp\/v2\/media?parent=1305"}],"wp:term":[{"taxonomy":"product_brand","embeddable":true,"href":"https:\/\/vamedicalca.com\/es\/wp-json\/wp\/v2\/product_brand?post=1305"},{"taxonomy":"product_cat","embeddable":true,"href":"https:\/\/vamedicalca.com\/es\/wp-json\/wp\/v2\/product_cat?post=1305"},{"taxonomy":"product_tag","embeddable":true,"href":"https:\/\/vamedicalca.com\/es\/wp-json\/wp\/v2\/product_tag?post=1305"}],"curies":[{"name":"wp","href":"https:\/\/api.w.org\/{rel}","templated":true}]}}