{"id":1303,"date":"2023-05-27T23:00:38","date_gmt":"2023-05-27T23:00:38","guid":{"rendered":"https:\/\/vamedicalca.com\/product\/tobillera-furo-par-ak-0719\/"},"modified":"2023-07-26T00:54:13","modified_gmt":"2023-07-26T00:54:13","slug":"anklet-furo-pair-ak-0719","status":"publish","type":"product","link":"https:\/\/vamedicalca.com\/es\/producto\/anklet-furo-pair-ak-0719\/","title":{"rendered":"TOBILLERA (FURO) (PAR) AK-0719"},"content":{"rendered":"","protected":false},"excerpt":{"rendered":"<ul>\n<li style=\"font-weight: 400;\" aria-level=\"1\"><span style=\"font-weight: 400;\">La Tobillera (Furo) reduce la inflamaci\u00f3n \/ hinchaz\u00f3n, el dolor, la rigidez y tiene un efecto de calentamiento para la recuperaci\u00f3n muscular.<\/span><\/li>\n<li style=\"font-weight: 400;\" aria-level=\"1\"><span style=\"font-weight: 400;\">Adecuado para todas las actividades deportivas que supongan un gran esfuerzo para las articulaciones.<\/span><\/li>\n<li style=\"font-weight: 400;\" aria-level=\"1\"><span style=\"font-weight: 400;\">Ayuda a aliviar el dolor en la recuperaci\u00f3n, corredores, artritis y tendinitis.<\/span><\/li>\n<li style=\"font-weight: 400;\" aria-level=\"1\"><span style=\"font-weight: 400;\">Dise\u00f1o ergon\u00f3mico antideslizante La capacidad de estiramiento en 4 direcciones proporciona una compresi\u00f3n estable durante el tiempo de gimnasio, sentadillas, levantamiento de pesas, yoga, fitness, etc.<\/span><\/li>\n<\/ul>\n<p><span style=\"font-weight: 400;\"> <\/span><span style=\"font-weight: 400;\">Talla: S, M, L, XL, XXL<\/span><\/p>\n","protected":false},"featured_media":852,"comment_status":"open","ping_status":"closed","template":"","meta":{"rs_blank_template":"","rs_page_bg_color":"","slide_template_v7":""},"product_brand":[],"product_cat":[56,58],"product_tag":[],"class_list":{"0":"post-1303","1":"product","2":"type-product","3":"status-publish","4":"has-post-thumbnail","6":"product_cat-ortopedia-de-adultos","7":"product_cat-soportes-de-tobillo","9":"first","10":"instock","11":"shipping-taxable","12":"product-type-simple"},"_links":{"self":[{"href":"https:\/\/vamedicalca.com\/es\/wp-json\/wp\/v2\/product\/1303","targetHints":{"allow":["GET"]}}],"collection":[{"href":"https:\/\/vamedicalca.com\/es\/wp-json\/wp\/v2\/product"}],"about":[{"href":"https:\/\/vamedicalca.com\/es\/wp-json\/wp\/v2\/types\/product"}],"replies":[{"embeddable":true,"href":"https:\/\/vamedicalca.com\/es\/wp-json\/wp\/v2\/comments?post=1303"}],"version-history":[{"count":0,"href":"https:\/\/vamedicalca.com\/es\/wp-json\/wp\/v2\/product\/1303\/revisions"}],"wp:featuredmedia":[{"embeddable":true,"href":"https:\/\/vamedicalca.com\/es\/wp-json\/wp\/v2\/media\/852"}],"wp:attachment":[{"href":"https:\/\/vamedicalca.com\/es\/wp-json\/wp\/v2\/media?parent=1303"}],"wp:term":[{"taxonomy":"product_brand","embeddable":true,"href":"https:\/\/vamedicalca.com\/es\/wp-json\/wp\/v2\/product_brand?post=1303"},{"taxonomy":"product_cat","embeddable":true,"href":"https:\/\/vamedicalca.com\/es\/wp-json\/wp\/v2\/product_cat?post=1303"},{"taxonomy":"product_tag","embeddable":true,"href":"https:\/\/vamedicalca.com\/es\/wp-json\/wp\/v2\/product_tag?post=1303"}],"curies":[{"name":"wp","href":"https:\/\/api.w.org\/{rel}","templated":true}]}}