{"id":1302,"date":"2023-05-27T23:05:31","date_gmt":"2023-05-27T23:05:31","guid":{"rendered":"https:\/\/vamedicalca.com\/product\/tobillera-neopreno-np-3013\/"},"modified":"2023-05-27T23:05:31","modified_gmt":"2023-05-27T23:05:31","slug":"tobillera-neopreno-np-3013","status":"publish","type":"product","link":"https:\/\/vamedicalca.com\/es\/producto\/tobillera-neopreno-np-3013\/","title":{"rendered":"TOBILLERA (NEOPRENO) NP-3013"},"content":{"rendered":"","protected":false},"excerpt":{"rendered":"<ul>\n<li>La tobillera (neopreno) est\u00e1 dise\u00f1ada para dar soporte, compresi\u00f3n e inmovilizaci\u00f3n controlada al tobillo d\u00e9bil o lesionado.<\/li>\n<li>La f\u00e9rula estabilizadora sujeta el tobillo donde m\u00e1s se necesita, para evitar una lesi\u00f3n de tobillo.<\/li>\n<li>Puede utilizarse en actividades deportivas de alto impacto o en personas en las que son frecuentes las lesiones repetitivas de tobillo.<\/li>\n<li>Tambi\u00e9n ayuda a controlar la hinchaz\u00f3n, el edema o los esguinces y vuelcos del tobillo.<\/li>\n<\/ul>\n<ul>\n<li>Elegante dise\u00f1o anat\u00f3mico.<\/li>\n<li>Entablillado e inmovilizaci\u00f3n controlados.<\/li>\n<li>Extremadamente c\u00f3modo.<\/li>\n<li>F\u00e1cil de llevar.<\/li>\n<\/ul>\n<p>Talla: UNIVERSAL<\/p>\n","protected":false},"featured_media":855,"comment_status":"open","ping_status":"closed","template":"","meta":{"rs_blank_template":"","rs_page_bg_color":"","slide_template_v7":""},"product_brand":[],"product_cat":[56,58],"product_tag":[],"class_list":{"0":"post-1302","1":"product","2":"type-product","3":"status-publish","4":"has-post-thumbnail","6":"product_cat-ortopedia-de-adultos","7":"product_cat-soportes-de-tobillo","9":"first","10":"instock","11":"shipping-taxable","12":"product-type-simple"},"_links":{"self":[{"href":"https:\/\/vamedicalca.com\/es\/wp-json\/wp\/v2\/product\/1302","targetHints":{"allow":["GET"]}}],"collection":[{"href":"https:\/\/vamedicalca.com\/es\/wp-json\/wp\/v2\/product"}],"about":[{"href":"https:\/\/vamedicalca.com\/es\/wp-json\/wp\/v2\/types\/product"}],"replies":[{"embeddable":true,"href":"https:\/\/vamedicalca.com\/es\/wp-json\/wp\/v2\/comments?post=1302"}],"version-history":[{"count":0,"href":"https:\/\/vamedicalca.com\/es\/wp-json\/wp\/v2\/product\/1302\/revisions"}],"wp:featuredmedia":[{"embeddable":true,"href":"https:\/\/vamedicalca.com\/es\/wp-json\/wp\/v2\/media\/855"}],"wp:attachment":[{"href":"https:\/\/vamedicalca.com\/es\/wp-json\/wp\/v2\/media?parent=1302"}],"wp:term":[{"taxonomy":"product_brand","embeddable":true,"href":"https:\/\/vamedicalca.com\/es\/wp-json\/wp\/v2\/product_brand?post=1302"},{"taxonomy":"product_cat","embeddable":true,"href":"https:\/\/vamedicalca.com\/es\/wp-json\/wp\/v2\/product_cat?post=1302"},{"taxonomy":"product_tag","embeddable":true,"href":"https:\/\/vamedicalca.com\/es\/wp-json\/wp\/v2\/product_tag?post=1302"}],"curies":[{"name":"wp","href":"https:\/\/api.w.org\/{rel}","templated":true}]}}