{"id":1298,"date":"2023-05-27T23:18:21","date_gmt":"2023-05-27T23:18:21","guid":{"rendered":"https:\/\/vamedicalca.com\/product\/medias-de-compresion-medicas-hasta-la-rodilla-par-gs-1202\/"},"modified":"2023-05-27T23:18:21","modified_gmt":"2023-05-27T23:18:21","slug":"medical-compression-stockings-knee-high-pair-gs-1202","status":"publish","type":"product","link":"https:\/\/vamedicalca.com\/es\/producto\/medical-compression-stockings-knee-high-pair-gs-1202\/","title":{"rendered":"MEDIAS DE COMPRESI\u00d3N M\u00c9DICAS (HASTA LA RODILLA) (PAR) GS-1202"},"content":{"rendered":"","protected":false},"excerpt":{"rendered":"<ul>\n<li>Proporciona compresi\u00f3n a las piernas cansadas y doloridas.<\/li>\n<li>Para edemas de piernas, tobillos y pies.<\/li>\n<li>Para la insuficiencia venosa perif\u00e9rica cr\u00f3nica.<\/li>\n<li>Para la trombosis venosa profunda.<\/li>\n<li>Ara\u00f1as vasculares (varices leves).<\/li>\n<li>Para el dolor y la sensaci\u00f3n de pesadez en las piernas.<\/li>\n<li>Para los co\u00e1gulos de sangre despu\u00e9s de una operaci\u00f3n o lesi\u00f3n.<\/li>\n<li>Tratamiento de la flebitis y el linfedema en las piernas.<\/li>\n<\/ul>\n<p>&nbsp;<\/p>\n<p>Talla: S, M, L, XL, XXL<\/p>\n<p>COMPRESI\u00d3N: 18-21 mmhg, 22-32 mmhg, 33-40 mmhg.<\/p>\n","protected":false},"featured_media":877,"comment_status":"open","ping_status":"closed","template":"","meta":{"rs_blank_template":"","rs_page_bg_color":"","slide_template_v7":""},"product_brand":[],"product_cat":[65,56],"product_tag":[],"class_list":{"0":"post-1298","1":"product","2":"type-product","3":"status-publish","4":"has-post-thumbnail","6":"product_cat-media-de-compresion","7":"product_cat-ortopedia-de-adultos","9":"first","10":"instock","11":"shipping-taxable","12":"product-type-simple"},"_links":{"self":[{"href":"https:\/\/vamedicalca.com\/es\/wp-json\/wp\/v2\/product\/1298","targetHints":{"allow":["GET"]}}],"collection":[{"href":"https:\/\/vamedicalca.com\/es\/wp-json\/wp\/v2\/product"}],"about":[{"href":"https:\/\/vamedicalca.com\/es\/wp-json\/wp\/v2\/types\/product"}],"replies":[{"embeddable":true,"href":"https:\/\/vamedicalca.com\/es\/wp-json\/wp\/v2\/comments?post=1298"}],"version-history":[{"count":0,"href":"https:\/\/vamedicalca.com\/es\/wp-json\/wp\/v2\/product\/1298\/revisions"}],"wp:featuredmedia":[{"embeddable":true,"href":"https:\/\/vamedicalca.com\/es\/wp-json\/wp\/v2\/media\/877"}],"wp:attachment":[{"href":"https:\/\/vamedicalca.com\/es\/wp-json\/wp\/v2\/media?parent=1298"}],"wp:term":[{"taxonomy":"product_brand","embeddable":true,"href":"https:\/\/vamedicalca.com\/es\/wp-json\/wp\/v2\/product_brand?post=1298"},{"taxonomy":"product_cat","embeddable":true,"href":"https:\/\/vamedicalca.com\/es\/wp-json\/wp\/v2\/product_cat?post=1298"},{"taxonomy":"product_tag","embeddable":true,"href":"https:\/\/vamedicalca.com\/es\/wp-json\/wp\/v2\/product_tag?post=1298"}],"curies":[{"name":"wp","href":"https:\/\/api.w.org\/{rel}","templated":true}]}}