{"id":1297,"date":"2023-05-27T23:19:29","date_gmt":"2023-05-27T23:19:29","guid":{"rendered":"https:\/\/vamedicalca.com\/product\/media-antiembolia-dvt-hasta-el-muslo-gs-1203\/"},"modified":"2023-05-27T23:19:29","modified_gmt":"2023-05-27T23:19:29","slug":"antiembolismo-calceta-dvt-muslo-alta-gs-1203","status":"publish","type":"product","link":"https:\/\/vamedicalca.com\/es\/producto\/antiembolismo-calceta-dvt-muslo-alta-gs-1203\/","title":{"rendered":"MEDIA ANTIEMBOLIA\/DVT (HASTA EL MUSLO) GS-1203"},"content":{"rendered":"","protected":false},"excerpt":{"rendered":"<ul>\n<li>MEDIAS DE TVD: Medias de Compresi\u00f3n Graduada de Ajuste Contorneado que ayudan a prevenir el peligro de Trombosis Venosa Profunda (TVP) reduciendo el Co\u00e1gulo de Sangre y Aumentando el Flujo Sangu\u00edneo.<\/li>\n<li>UNISEX: Calcetines de compresi\u00f3n antiembolia para mujeres y hombres &#8211; adecuados para el clima c\u00e1lido y h\u00famedo de la India. Color &#8211; Blanco. Estilo Open Toe. Todas las tallas est\u00e1n disponibles, de la Peque\u00f1a a la XXL. Clase de compresi\u00f3n: Clase 2 (23mmHg &#8211; 32mmHg).<\/li>\n<li>SIN OLORES Y PARA TODO TEMPO: Las medias antiembolia Samson son frescas en verano y c\u00e1lidas en invierno. No huelen incluso despu\u00e9s de usarlas durante todo el d\u00eda.<\/li>\n<li>ABSORBE EL SUDOR, SIN IRRITACIONES: Las medias antiembolia Samson pueden absorber el sudor, sin picores, irritaciones ni erupciones. Es resistente y duradero, ya que el material tiene una excelente resistencia a la tracci\u00f3n.<\/li>\n<li>EXCEPCIONALMENTE C\u00d3MODO: Hecho de un material el\u00e1stico de alta calidad que hace que sea f\u00e1cil de llevar y proporciona un ajuste c\u00f3modo y capacidad de respiraci\u00f3n. Contiene forro de silicona antideslizante para mayor comodidad. Ajuste a medida.<\/li>\n<\/ul>\n<p>&nbsp;<\/p>\n<p>&nbsp;<\/p>\n<p>Talla: S, M, L, XL, XXL<\/p>\n","protected":false},"featured_media":880,"comment_status":"open","ping_status":"closed","template":"","meta":{"rs_blank_template":"","rs_page_bg_color":"","slide_template_v7":""},"product_brand":[],"product_cat":[65,56],"product_tag":[],"class_list":{"0":"post-1297","1":"product","2":"type-product","3":"status-publish","4":"has-post-thumbnail","6":"product_cat-media-de-compresion","7":"product_cat-ortopedia-de-adultos","9":"first","10":"instock","11":"shipping-taxable","12":"product-type-simple"},"_links":{"self":[{"href":"https:\/\/vamedicalca.com\/es\/wp-json\/wp\/v2\/product\/1297","targetHints":{"allow":["GET"]}}],"collection":[{"href":"https:\/\/vamedicalca.com\/es\/wp-json\/wp\/v2\/product"}],"about":[{"href":"https:\/\/vamedicalca.com\/es\/wp-json\/wp\/v2\/types\/product"}],"replies":[{"embeddable":true,"href":"https:\/\/vamedicalca.com\/es\/wp-json\/wp\/v2\/comments?post=1297"}],"version-history":[{"count":0,"href":"https:\/\/vamedicalca.com\/es\/wp-json\/wp\/v2\/product\/1297\/revisions"}],"wp:featuredmedia":[{"embeddable":true,"href":"https:\/\/vamedicalca.com\/es\/wp-json\/wp\/v2\/media\/880"}],"wp:attachment":[{"href":"https:\/\/vamedicalca.com\/es\/wp-json\/wp\/v2\/media?parent=1297"}],"wp:term":[{"taxonomy":"product_brand","embeddable":true,"href":"https:\/\/vamedicalca.com\/es\/wp-json\/wp\/v2\/product_brand?post=1297"},{"taxonomy":"product_cat","embeddable":true,"href":"https:\/\/vamedicalca.com\/es\/wp-json\/wp\/v2\/product_cat?post=1297"},{"taxonomy":"product_tag","embeddable":true,"href":"https:\/\/vamedicalca.com\/es\/wp-json\/wp\/v2\/product_tag?post=1297"}],"curies":[{"name":"wp","href":"https:\/\/api.w.org\/{rel}","templated":true}]}}