{"id":1296,"date":"2023-05-27T23:21:13","date_gmt":"2023-05-27T23:21:13","guid":{"rendered":"https:\/\/vamedicalca.com\/product\/manguito-para-linfedema-individual-gs-1205\/"},"modified":"2023-08-23T23:28:56","modified_gmt":"2023-08-23T23:28:56","slug":"linfedema-manga-brazo-sencilla-gs-1205","status":"publish","type":"product","link":"https:\/\/vamedicalca.com\/es\/producto\/linfedema-manga-brazo-sencilla-gs-1205\/","title":{"rendered":"MANGA PARA LINFEDEMA (INDIVIDUAL) GS-1205"},"content":{"rendered":"","protected":false},"excerpt":{"rendered":"<ul>\n<li>Son dispositivos de ropa especializados, que proporcionan soporte y compresi\u00f3n graduada, en quemaduras, linfedema y otras afecciones vasculares.<\/li>\n<li>Dise\u00f1ado para proporcionar una compresi\u00f3n precisa y graduada para una reducci\u00f3n uniforme de la compresi\u00f3n de abajo hacia arriba.<\/li>\n<li>Garantiza una evacuaci\u00f3n eficaz de la sangre y los fluidos.<\/li>\n<\/ul>\n<p>&nbsp;<\/p>\n<p>Talla: S, M, L, XL, XXL<\/p>\n","protected":false},"featured_media":883,"comment_status":"open","ping_status":"closed","template":"","meta":{"rs_blank_template":"","rs_page_bg_color":"","slide_template_v7":""},"product_brand":[],"product_cat":[65,56],"product_tag":[],"class_list":{"0":"post-1296","1":"product","2":"type-product","3":"status-publish","4":"has-post-thumbnail","6":"product_cat-media-de-compresion","7":"product_cat-ortopedia-de-adultos","9":"first","10":"instock","11":"shipping-taxable","12":"product-type-simple"},"_links":{"self":[{"href":"https:\/\/vamedicalca.com\/es\/wp-json\/wp\/v2\/product\/1296","targetHints":{"allow":["GET"]}}],"collection":[{"href":"https:\/\/vamedicalca.com\/es\/wp-json\/wp\/v2\/product"}],"about":[{"href":"https:\/\/vamedicalca.com\/es\/wp-json\/wp\/v2\/types\/product"}],"replies":[{"embeddable":true,"href":"https:\/\/vamedicalca.com\/es\/wp-json\/wp\/v2\/comments?post=1296"}],"version-history":[{"count":0,"href":"https:\/\/vamedicalca.com\/es\/wp-json\/wp\/v2\/product\/1296\/revisions"}],"wp:featuredmedia":[{"embeddable":true,"href":"https:\/\/vamedicalca.com\/es\/wp-json\/wp\/v2\/media\/883"}],"wp:attachment":[{"href":"https:\/\/vamedicalca.com\/es\/wp-json\/wp\/v2\/media?parent=1296"}],"wp:term":[{"taxonomy":"product_brand","embeddable":true,"href":"https:\/\/vamedicalca.com\/es\/wp-json\/wp\/v2\/product_brand?post=1296"},{"taxonomy":"product_cat","embeddable":true,"href":"https:\/\/vamedicalca.com\/es\/wp-json\/wp\/v2\/product_cat?post=1296"},{"taxonomy":"product_tag","embeddable":true,"href":"https:\/\/vamedicalca.com\/es\/wp-json\/wp\/v2\/product_tag?post=1296"}],"curies":[{"name":"wp","href":"https:\/\/api.w.org\/{rel}","templated":true}]}}